{"id":123,"date":"2016-02-08T08:24:26","date_gmt":"2016-02-08T08:24:26","guid":{"rendered":"http:\/\/aegee-tartu.ee\/?page_id=123"},"modified":"2020-09-01T00:42:57","modified_gmt":"2020-08-31T21:42:57","slug":"suveulikool","status":"publish","type":"page","link":"https:\/\/aegee-tartu.ee\/en\/suveulikool\/","title":{"rendered":"Suve\u00fclikool"},"content":{"rendered":"<div id=\"pl-123\"  class=\"panel-layout\" ><div id=\"pg-123-0\"  class=\"panel-grid panel-no-style\" ><div id=\"pgc-123-0-0\"  class=\"panel-grid-cell\" ><div id=\"panel-123-0-0-0\" class=\"so-panel widget widget_sow-editor panel-first-child panel-last-child\" data-index=\"0\" ><div\n\t\t\t\n\t\t\tclass=\"so-widget-sow-editor so-widget-sow-editor-base\"\n\t\t\t\n\t\t><h3 class=\"widget-title\">Summer University<\/h3>\n<div class=\"siteorigin-widget-tinymce textwidget\">\n\t<p><strong>Suve\u00fclikool (<em>Summer University<\/em>)<\/strong> <strong>on AEGEE k\u00f5ige pikaajalisem ja populaarsem projekt.\u00a0<\/strong>Igal aastal on valikus ligikaudu 60 erinevat suve\u00fclikooli, mida korraldavad AEGEE liikmed. Ka AEGEE-Tartul on tavaks igal suvel projekt ette v\u00f5tta. Projekti eesm\u00e4rk on pakkuda noortele kogemus paljukultuurilises Euroopas ning kasvatada neis avatud meelt diskussiooniks. Suve\u00fclikooli projekt algatati 1988. aastal sooviga integreerida erinevatest kultuuriruumidest p\u00e4rit noori ning sellest ajast alates on suve\u00fclikoolides kokku osalenud \u00fcle 50 000 noore.<\/p>\n<p><strong>Sisuliselt kujutab suve\u00fclikool endast keskmiselt kahe n\u00e4dala pikkust temaatilist programmi m\u00f5nes Euroopa paigas<\/strong>, kus osaletakse t\u00f6\u00f6tubades, tutvutakse kohaliku eluga ning veedetakse p\u00f5nevalt aega koos rahvusvahelise seltskonnaga. Suve\u00fclikooli korraldavad noored noortele, t\u00e4nu millele avaneb v\u00f5imalus n\u00e4ha kohalikku elu l\u00e4hemalt kui turismireis v\u00f5imaldaks. Suve\u00fclikoole leidub nii suurlinnade armastajatele kui ka looduses matkajatele.<\/p>\n<p><span style=\"color: #000000;\"><strong>Suve\u00fclikoolis osalemiseks peab olema AEGEE<\/strong> <\/span><strong><span style=\"color: #000000;\">liige.<\/span>\u00a0<\/strong>Kandideerida saab aga kohe p\u00e4rast liitumist. Kandideerimiseks tuleb kirjutada motivatsioonikiri (v\u00f5i teha video) ning valituks osutumisel on oluline huvi ja entusiasm, mitte liikmestaa\u017e. Osalejad on \u00fcldjuhul k\u00f5ik \u00fcksteisele v\u00f5\u00f5rad, ent s\u00f5pradeks saadakse kiirelt ja lihtsalt.<\/p>\n<p><strong>Suve\u00fclikooli hinna sees on majutus, toitlustus (2x p\u00e4evas), kogu programm ja transport programmi v\u00e4ltel<\/strong>. M\u00f5nikord pakutakse v\u00e4ikse lisatasu eest ka lisategevusi, mille alternatiiv on vaba aeg. Transpordikulud Eestist suve\u00fclikooli toimumiskohta ja koju tagasi on osaleja enda kanda, samuti on soovitatav kaasa v\u00f5tta veidi taskuraha. Suve\u00fclikooli maksumus on \u00fcldjuhul <strong>14 EUR\/\u00f6\u00f6p\u00e4ev<\/strong>\u00a0ning seega s\u00f5ltub summa programmi pikkusest. \u00dcksikud suve\u00fclikoolid on programmi erip\u00e4rade t\u00f5ttu kallimad.<\/p>\n<p>Suve\u00fclikoolide liigid on j\u00e4rgmised:<\/p>\n<ul>\n<li><strong>Summer Course (SC)<\/strong>: Kindla teemaga suve\u00fclikool, kus koolitused moodustavad v\u00e4hemalt 14h n\u00e4dalas. Teema v\u00f5ib olla v\u00e4ga varieeruv (kohalik keel, kultuur ja ajalugu, keskkonnas\u00e4\u00e4stlikkus, kodanikuharidus, sport, isiklik areng jms). Lisaks t\u00f6\u00f6tubadele on olulisel kohal ka sotsiaalne programm. K\u00e4iakse ka linnast v\u00e4ljas, nt looduses matkamas, rannas, rattamatkal jne.<\/li>\n<li><strong>Summer Course Plus (SC+)<\/strong>: Eelmisest intensiivsem temaatiline kursus (koolitust v\u00e4hemalt 20h n\u00e4dalas), milles on p\u00f5hir\u00f5hk just t\u00f6\u00f6tubadel ja teemaga seotud oskuste arendamisel, kaasatud on professionaalsed koolitajad. Ei puudu siiski ka sotsiaalne programm.<\/li>\n<li><strong>Travelling Summer University (TSU)<\/strong>: Korraldatud v\u00e4hemalt kahe antenna koost\u00f6\u00f6s ning viibitakse v\u00e4hemalt neljas paigas, mis v\u00f5ivad h\u00f5lmata mitut riiki. TSU-d sisaldavad m\u00f5ningaid temaatilisi t\u00f6\u00f6tube (v\u00e4hemalt 10h n\u00e4dalas), n\u00e4iteks v\u00f5idakse \u00f5petada rahvatantse v\u00f5i kohaliku toidu valmistamist. TSU p\u00f5hir\u00f5hk on reisimisel ning v\u00f5imalikult paljude erineva elur\u00fctmiga kohtade k\u00fclastamisel.<\/li>\n<li><strong>Summer Break (SB)<\/strong>: L\u00fchendatud variant suve\u00fclikoolist, mis kestab 6-8 p\u00e4eva ja mida korraldab ainult \u00fcks antenna. Temaatilisi koolitusi on 10h n\u00e4dalas. SB formaadis suve\u00fclikoolid toimusid esimest korda 2018. aastal.<\/li>\n<\/ul>\n<p>&nbsp;<\/p>\n<p><strong>AEGEE-Tartu korraldas 2019. aastal koos AEGEE-Eindhoveniga suve\u00fclikooli \"Time Travel Through the Flatlands\", mis keskendus Euroopa poliitikale ja ajaloole viimase 50 aasta v\u00e4ltel.<\/strong><\/p>\n<\/div>\n<\/div><\/div><\/div><div id=\"pgc-123-0-1\"  class=\"panel-grid-cell\" ><div id=\"panel-123-0-1-0\" class=\"so-panel widget widget_sow-editor panel-first-child\" data-index=\"1\" ><div\n\t\t\t\n\t\t\tclass=\"so-widget-sow-editor so-widget-sow-editor-base\"\n\t\t\t\n\t\t><h3 class=\"widget-title\">Toetus<\/h3>\n<div class=\"siteorigin-widget-tinymce textwidget\">\n\t<p>Suve\u00fclikooli korraldavad tudengid tudengitele ja seet\u00f5ttu on \u00fcrituse \u00f5nnestumisel v\u00e4ga oluline osa sponsoritel.<\/p>\n<p>Otsime koost\u00f6\u00f6partnereid alatest toidusektorist kuni seiklusteenuste pakkujateni. Kui arvad, et sul on meile midagi huvitavat pakkuda, siis v\u00f5ta meiega \u00fchendust aadressil info@aegee-tartu.ee.<\/p>\n<\/div>\n<\/div><\/div><div id=\"panel-123-0-1-1\" class=\"so-panel widget widget_sow-image panel-last-child\" data-index=\"2\" ><div class=\"panel-widget-style panel-widget-style-for-123-0-1-1\" ><div\n\t\t\t\n\t\t\tclass=\"so-widget-sow-image so-widget-sow-image-default-c67d20f9f743-123\"\n\t\t\t\n\t\t>\n<div class=\"sow-image-container\">\n\t\t<img \n\tsrc=\"http:\/\/www.projects.aegee.org\/suct\/su2016\/images\/suct_logo_white.png\" title=\"Suve\u00fclikool\" alt=\"\" \t\tclass=\"so-widget-image\"\/>\n\t<\/div>\n\n<\/div><\/div><\/div><\/div><\/div><div id=\"pg-123-1\"  class=\"panel-grid panel-no-style\" ><div id=\"pgc-123-1-0\"  class=\"panel-grid-cell\" ><div id=\"panel-123-1-0-0\" class=\"so-panel widget widget_sow-image panel-first-child\" data-index=\"3\" ><div\n\t\t\t\n\t\t\tclass=\"so-widget-sow-image so-widget-sow-image-default-8b5b6f678277-123\"\n\t\t\t\n\t\t>\n<div class=\"sow-image-container\">\n\t\t<img fetchpriority=\"high\" \n\tsrc=\"https:\/\/aegee-tartu.ee\/wp-content\/uploads\/2020\/09\/IMG_5007-1024x682.jpeg\" width=\"1024\" height=\"682\" srcset=\"https:\/\/aegee-tartu.ee\/wp-content\/uploads\/2020\/09\/IMG_5007-1024x682.jpeg 1024w, https:\/\/aegee-tartu.ee\/wp-content\/uploads\/2020\/09\/IMG_5007-600x400.jpeg 600w, https:\/\/aegee-tartu.ee\/wp-content\/uploads\/2020\/09\/IMG_5007-300x200.jpeg 300w, https:\/\/aegee-tartu.ee\/wp-content\/uploads\/2020\/09\/IMG_5007-768x511.jpeg 768w, https:\/\/aegee-tartu.ee\/wp-content\/uploads\/2020\/09\/IMG_5007-1536x1023.jpeg 1536w, https:\/\/aegee-tartu.ee\/wp-content\/uploads\/2020\/09\/IMG_5007-272x182.jpeg 272w, https:\/\/aegee-tartu.ee\/wp-content\/uploads\/2020\/09\/IMG_5007.jpeg 2038w\" sizes=\"(max-width: 1024px) 100vw, 1024px\" alt=\" \" \t\tclass=\"so-widget-image\"\/>\n\t<\/div>\n\n<\/div><\/div><div id=\"panel-123-1-0-1\" class=\"so-panel widget widget_sow-image panel-last-child\" data-index=\"4\" ><div\n\t\t\t\n\t\t\tclass=\"so-widget-sow-image so-widget-sow-image-default-8b5b6f678277-123\"\n\t\t\t\n\t\t>\n<div class=\"sow-image-container\">\n\t\t<img \n\tsrc=\"https:\/\/aegee-tartu.ee\/wp-content\/uploads\/2019\/01\/IMG_20180727_094601_238-1024x990.jpg\" width=\"1024\" height=\"990\" srcset=\"https:\/\/aegee-tartu.ee\/wp-content\/uploads\/2019\/01\/IMG_20180727_094601_238-1024x990.jpg 1024w, https:\/\/aegee-tartu.ee\/wp-content\/uploads\/2019\/01\/IMG_20180727_094601_238-300x290.jpg 300w, https:\/\/aegee-tartu.ee\/wp-content\/uploads\/2019\/01\/IMG_20180727_094601_238-768x742.jpg 768w, https:\/\/aegee-tartu.ee\/wp-content\/uploads\/2019\/01\/IMG_20180727_094601_238-e1548016962353.jpg 517w\" sizes=\"(max-width: 1024px) 100vw, 1024px\" title=\"IMG_20180727_094601_238\" alt=\" \" \t\tclass=\"so-widget-image\"\/>\n\t<\/div>\n\n<\/div><\/div><\/div><div id=\"pgc-123-1-1\"  class=\"panel-grid-cell\" ><div id=\"panel-123-1-1-0\" class=\"so-panel widget widget_sow-image panel-first-child\" data-index=\"5\" ><div\n\t\t\t\n\t\t\tclass=\"so-widget-sow-image so-widget-sow-image-default-8b5b6f678277-123\"\n\t\t\t\n\t\t>\n<div class=\"sow-image-container\">\n\t\t<img \n\tsrc=\"https:\/\/aegee-tartu.ee\/wp-content\/uploads\/2020\/09\/IMG_4955-1024x683.jpg\" width=\"1024\" height=\"683\" srcset=\"https:\/\/aegee-tartu.ee\/wp-content\/uploads\/2020\/09\/IMG_4955-1024x683.jpg 1024w, https:\/\/aegee-tartu.ee\/wp-content\/uploads\/2020\/09\/IMG_4955-600x400.jpg 600w, https:\/\/aegee-tartu.ee\/wp-content\/uploads\/2020\/09\/IMG_4955-300x200.jpg 300w, https:\/\/aegee-tartu.ee\/wp-content\/uploads\/2020\/09\/IMG_4955-768x512.jpg 768w, https:\/\/aegee-tartu.ee\/wp-content\/uploads\/2020\/09\/IMG_4955-1536x1024.jpg 1536w, https:\/\/aegee-tartu.ee\/wp-content\/uploads\/2020\/09\/IMG_4955-2048x1365.jpg 2048w, https:\/\/aegee-tartu.ee\/wp-content\/uploads\/2020\/09\/IMG_4955-272x182.jpg 272w\" sizes=\"(max-width: 1024px) 100vw, 1024px\" alt=\" \" \t\tclass=\"so-widget-image\"\/>\n\t<\/div>\n\n<\/div><\/div><div id=\"panel-123-1-1-1\" class=\"so-panel widget widget_sow-image panel-last-child\" data-index=\"6\" ><div\n\t\t\t\n\t\t\tclass=\"so-widget-sow-image so-widget-sow-image-default-8b5b6f678277-123\"\n\t\t\t\n\t\t>\n<div class=\"sow-image-container\">\n\t\t<img loading=\"lazy\" \n\tsrc=\"https:\/\/aegee-tartu.ee\/wp-content\/uploads\/2019\/01\/IMG_8487-1024x769.jpg\" width=\"1024\" height=\"769\" srcset=\"https:\/\/aegee-tartu.ee\/wp-content\/uploads\/2019\/01\/IMG_8487-1024x769.jpg 1024w, https:\/\/aegee-tartu.ee\/wp-content\/uploads\/2019\/01\/IMG_8487-e1548017019864-600x450.jpg 600w, https:\/\/aegee-tartu.ee\/wp-content\/uploads\/2019\/01\/IMG_8487-300x225.jpg 300w, https:\/\/aegee-tartu.ee\/wp-content\/uploads\/2019\/01\/IMG_8487-768x576.jpg 768w, https:\/\/aegee-tartu.ee\/wp-content\/uploads\/2019\/01\/IMG_8487-e1548017019864.jpg 666w\" sizes=\"(max-width: 1024px) 100vw, 1024px\" title=\"IMG_8487\" alt=\" \" \t\tclass=\"so-widget-image\"\/>\n\t<\/div>\n\n<\/div><\/div><\/div><\/div><\/div>","protected":false},"excerpt":{"rendered":"<p class=\"excerpt\">Suve\u00fclikool (Summer University) on AEGEE k\u00f5ige pikaajalisem ja populaarsem projekt.\u00a0Igal aastal on valikus ligikaudu 60 erinevat suve\u00fclikooli, mida korraldavad AEGEE liikmed. Ka AEGEE-Tartul on tavaks igal suvel projekt ette v\u00f5tta. Projekti eesm\u00e4rk on pakkuda noortele kogemus paljukultuurilises Euroopas ning kasvatada neis avatud meelt diskussiooniks. Suve\u00fclikooli projekt algatati 1988. aastal sooviga integreerida erinevatest kultuuriruumidest p\u00e4rit noori ning sellest ajast alates on&hellip; <a href=\"https:\/\/aegee-tartu.ee\/en\/suveulikool\/\">Read more &rarr;<\/a><\/p>","protected":false},"author":1,"featured_media":0,"parent":0,"menu_order":0,"comment_status":"closed","ping_status":"closed","template":"","meta":{"_exactmetrics_skip_tracking":false,"_exactmetrics_sitenote_active":false,"_exactmetrics_sitenote_note":"","_exactmetrics_sitenote_category":0,"footnotes":""},"class_list":["post-123","page","type-page","status-publish","hentry","xfolkentry"],"_links":{"self":[{"href":"https:\/\/aegee-tartu.ee\/en\/wp-json\/wp\/v2\/pages\/123","targetHints":{"allow":["GET"]}}],"collection":[{"href":"https:\/\/aegee-tartu.ee\/en\/wp-json\/wp\/v2\/pages"}],"about":[{"href":"https:\/\/aegee-tartu.ee\/en\/wp-json\/wp\/v2\/types\/page"}],"author":[{"embeddable":true,"href":"https:\/\/aegee-tartu.ee\/en\/wp-json\/wp\/v2\/users\/1"}],"replies":[{"embeddable":true,"href":"https:\/\/aegee-tartu.ee\/en\/wp-json\/wp\/v2\/comments?post=123"}],"version-history":[{"count":87,"href":"https:\/\/aegee-tartu.ee\/en\/wp-json\/wp\/v2\/pages\/123\/revisions"}],"predecessor-version":[{"id":1493,"href":"https:\/\/aegee-tartu.ee\/en\/wp-json\/wp\/v2\/pages\/123\/revisions\/1493"}],"wp:attachment":[{"href":"https:\/\/aegee-tartu.ee\/en\/wp-json\/wp\/v2\/media?parent=123"}],"curies":[{"name":"wp","href":"https:\/\/api.w.org\/{rel}","templated":true}]}}