{"id":2735,"date":"2023-09-26T14:32:44","date_gmt":"2023-09-26T11:32:44","guid":{"rendered":"https:\/\/aegee-tartu.ee\/?page_id=2735"},"modified":"2025-09-04T12:38:45","modified_gmt":"2025-09-04T09:38:45","slug":"kontaktid","status":"publish","type":"page","link":"https:\/\/aegee-tartu.ee\/en\/kontaktid\/","title":{"rendered":"Contacts"},"content":{"rendered":"<div data-elementor-type=\"wp-page\" data-elementor-id=\"2735\" class=\"elementor elementor-2735\">\n\t\t\t\t\t\t<section class=\"elementor-section elementor-top-section elementor-element elementor-element-ddfe81e elementor-section-boxed elementor-section-height-default elementor-section-height-default\" data-id=\"ddfe81e\" data-element_type=\"section\" data-e-type=\"section\">\n\t\t\t\t\t\t<div class=\"elementor-container elementor-column-gap-default\">\n\t\t\t\t\t<div class=\"elementor-column elementor-col-100 elementor-top-column elementor-element elementor-element-be1b670\" data-id=\"be1b670\" data-element_type=\"column\" data-e-type=\"column\">\n\t\t\t<div class=\"elementor-widget-wrap elementor-element-populated\">\n\t\t\t\t\t\t<div class=\"elementor-element elementor-element-fcc6e4d elementor-widget elementor-widget-heading\" data-id=\"fcc6e4d\" data-element_type=\"widget\" data-e-type=\"widget\" data-widget_type=\"heading.default\">\n\t\t\t\t<div class=\"elementor-widget-container\">\n\t\t\t\t\t<h2 class=\"elementor-heading-title elementor-size-default\">Contacts<\/h2>\t\t\t\t<\/div>\n\t\t\t\t<\/div>\n\t\t\t\t<section class=\"elementor-section elementor-inner-section elementor-element elementor-element-a4c165c elementor-section-boxed elementor-section-height-default elementor-section-height-default\" data-id=\"a4c165c\" data-element_type=\"section\" data-e-type=\"section\">\n\t\t\t\t\t\t<div class=\"elementor-container elementor-column-gap-default\">\n\t\t\t\t\t<div class=\"elementor-column elementor-col-25 elementor-inner-column elementor-element elementor-element-d605cdb\" data-id=\"d605cdb\" data-element_type=\"column\" data-e-type=\"column\">\n\t\t\t<div class=\"elementor-widget-wrap elementor-element-populated\">\n\t\t\t\t\t\t<div class=\"elementor-element elementor-element-e66e308 elementor-widget elementor-widget-text-editor\" data-id=\"e66e308\" data-element_type=\"widget\" data-e-type=\"widget\" data-widget_type=\"text-editor.default\">\n\t\t\t\t<div class=\"elementor-widget-container\">\n\t\t\t\t\t\t\t\t\t<h3>Saskia Kolberg<\/h3><p>President<\/p><p>president@aegee-tartu.ee<\/p>\t\t\t\t\t\t\t\t<\/div>\n\t\t\t\t<\/div>\n\t\t\t\t\t<\/div>\n\t\t<\/div>\n\t\t\t\t<div class=\"elementor-column elementor-col-25 elementor-inner-column elementor-element elementor-element-4524d5b\" data-id=\"4524d5b\" data-element_type=\"column\" data-e-type=\"column\">\n\t\t\t<div class=\"elementor-widget-wrap elementor-element-populated\">\n\t\t\t\t\t\t<div class=\"elementor-element elementor-element-2acc8c4 elementor-widget elementor-widget-image\" data-id=\"2acc8c4\" data-element_type=\"widget\" data-e-type=\"widget\" data-widget_type=\"image.default\">\n\t\t\t\t<div class=\"elementor-widget-container\">\n\t\t\t\t\t\t\t\t\t\t\t\t\t\t\t<img decoding=\"async\" src=\"https:\/\/aegee-tartu.ee\/wp-content\/uploads\/elementor\/thumbs\/DSC_03092-scaled-ra793jm2pe30smsttp9x3w7fc7090sc4i6xv2p0e4o.jpg\" title=\"DSC_0309~2\" alt=\"DSC_0309~2\" loading=\"lazy\" \/>\t\t\t\t\t\t\t\t\t\t\t\t\t\t\t<\/div>\n\t\t\t\t<\/div>\n\t\t\t\t\t<\/div>\n\t\t<\/div>\n\t\t\t\t<div class=\"elementor-column elementor-col-25 elementor-inner-column elementor-element elementor-element-c1be84a\" data-id=\"c1be84a\" data-element_type=\"column\" data-e-type=\"column\">\n\t\t\t<div class=\"elementor-widget-wrap elementor-element-populated\">\n\t\t\t\t\t\t<div class=\"elementor-element elementor-element-f953355 elementor-widget elementor-widget-text-editor\" data-id=\"f953355\" data-element_type=\"widget\" data-e-type=\"widget\" data-widget_type=\"text-editor.default\">\n\t\t\t\t<div class=\"elementor-widget-container\">\n\t\t\t\t\t\t\t\t\t<div data-index=\"3\" data-style=\"{\"><h3>Karl Mattias Laiuste<\/h3><p>Secretary<\/p><p>info@aegee-tartu.ee<\/p><\/div><div data-index=\"5\" data-style=\"{\"><div>\u00a0<\/div><\/div>\t\t\t\t\t\t\t\t<\/div>\n\t\t\t\t<\/div>\n\t\t\t\t\t<\/div>\n\t\t<\/div>\n\t\t\t\t<div class=\"elementor-column elementor-col-25 elementor-inner-column elementor-element elementor-element-a89cd5b\" data-id=\"a89cd5b\" data-element_type=\"column\" data-e-type=\"column\">\n\t\t\t<div class=\"elementor-widget-wrap elementor-element-populated\">\n\t\t\t\t\t\t<div class=\"elementor-element elementor-element-7b8cf07 elementor-widget elementor-widget-image\" data-id=\"7b8cf07\" data-element_type=\"widget\" data-e-type=\"widget\" data-widget_type=\"image.default\">\n\t\t\t\t<div class=\"elementor-widget-container\">\n\t\t\t\t\t\t\t\t\t\t\t\t\t\t\t<img decoding=\"async\" src=\"https:\/\/aegee-tartu.ee\/wp-content\/uploads\/elementor\/thumbs\/DSC_02862-scaled-ra792qh2tiz4spz5juohglk4x8zve64g26pt747lhk.jpg\" title=\"DSC_0286~2\" alt=\"DSC_0286~2\" loading=\"lazy\" \/>\t\t\t\t\t\t\t\t\t\t\t\t\t\t\t<\/div>\n\t\t\t\t<\/div>\n\t\t\t\t\t<\/div>\n\t\t<\/div>\n\t\t\t\t\t<\/div>\n\t\t<\/section>\n\t\t\t\t<section class=\"elementor-section elementor-inner-section elementor-element elementor-element-28bab7e elementor-section-boxed elementor-section-height-default elementor-section-height-default\" data-id=\"28bab7e\" data-element_type=\"section\" data-e-type=\"section\">\n\t\t\t\t\t\t<div class=\"elementor-container elementor-column-gap-default\">\n\t\t\t\t\t<div class=\"elementor-column elementor-col-25 elementor-inner-column elementor-element elementor-element-a2e4127\" data-id=\"a2e4127\" data-element_type=\"column\" data-e-type=\"column\">\n\t\t\t<div class=\"elementor-widget-wrap elementor-element-populated\">\n\t\t\t\t\t\t<div class=\"elementor-element elementor-element-2e7e01f elementor-widget elementor-widget-text-editor\" data-id=\"2e7e01f\" data-element_type=\"widget\" data-e-type=\"widget\" data-widget_type=\"text-editor.default\">\n\t\t\t\t<div class=\"elementor-widget-container\">\n\t\t\t\t\t\t\t\t\t<h3>Martin Valvas<\/h3><div><p>Event Coordinator<br \/>events@aegee-tartu.ee<\/p><\/div>\t\t\t\t\t\t\t\t<\/div>\n\t\t\t\t<\/div>\n\t\t\t\t\t<\/div>\n\t\t<\/div>\n\t\t\t\t<div class=\"elementor-column elementor-col-25 elementor-inner-column elementor-element elementor-element-b5c79aa\" data-id=\"b5c79aa\" data-element_type=\"column\" data-e-type=\"column\">\n\t\t\t<div class=\"elementor-widget-wrap elementor-element-populated\">\n\t\t\t\t\t\t<div class=\"elementor-element elementor-element-44a3538 elementor-widget elementor-widget-image\" data-id=\"44a3538\" data-element_type=\"widget\" data-e-type=\"widget\" data-widget_type=\"image.default\">\n\t\t\t\t<div class=\"elementor-widget-container\">\n\t\t\t\t\t\t\t\t\t\t\t\t\t\t\t<img decoding=\"async\" src=\"https:\/\/aegee-tartu.ee\/wp-content\/uploads\/elementor\/thumbs\/DSC_0372-scaled-ra795091c432usodac10zix8lrsszu53dfh1y6ucg8.jpg\" title=\"DSC_0372\" alt=\"DSC_0372\" loading=\"lazy\" \/>\t\t\t\t\t\t\t\t\t\t\t\t\t\t\t<\/div>\n\t\t\t\t<\/div>\n\t\t\t\t\t<\/div>\n\t\t<\/div>\n\t\t\t\t<div class=\"elementor-column elementor-col-25 elementor-inner-column elementor-element elementor-element-aa0714d\" data-id=\"aa0714d\" data-element_type=\"column\" data-e-type=\"column\">\n\t\t\t<div class=\"elementor-widget-wrap elementor-element-populated\">\n\t\t\t\t\t\t<div class=\"elementor-element elementor-element-502171c elementor-widget elementor-widget-text-editor\" data-id=\"502171c\" data-element_type=\"widget\" data-e-type=\"widget\" data-widget_type=\"text-editor.default\">\n\t\t\t\t<div class=\"elementor-widget-container\">\n\t\t\t\t\t\t\t\t\t<h3>Erki Laur<\/h3><p>PR Responsible<\/p><p>publicrelations@aegee-tartu.ee<\/p>\t\t\t\t\t\t\t\t<\/div>\n\t\t\t\t<\/div>\n\t\t\t\t\t<\/div>\n\t\t<\/div>\n\t\t\t\t<div class=\"elementor-column elementor-col-25 elementor-inner-column elementor-element elementor-element-102b5eb\" data-id=\"102b5eb\" data-element_type=\"column\" data-e-type=\"column\">\n\t\t\t<div class=\"elementor-widget-wrap elementor-element-populated\">\n\t\t\t\t\t\t<div class=\"elementor-element elementor-element-2e24710 elementor-widget elementor-widget-image\" data-id=\"2e24710\" data-element_type=\"widget\" data-e-type=\"widget\" data-widget_type=\"image.default\">\n\t\t\t\t<div class=\"elementor-widget-container\">\n\t\t\t\t\t\t\t\t\t\t\t\t\t\t\t<img decoding=\"async\" src=\"https:\/\/aegee-tartu.ee\/wp-content\/uploads\/elementor\/thumbs\/DSC_03652-scaled-ra794dows38745l4y29zbom6civzv3njabtefjrslk.jpg\" title=\"DSC_0365~2\" alt=\"DSC_0365~2\" loading=\"lazy\" \/>\t\t\t\t\t\t\t\t\t\t\t\t\t\t\t<\/div>\n\t\t\t\t<\/div>\n\t\t\t\t\t<\/div>\n\t\t<\/div>\n\t\t\t\t\t<\/div>\n\t\t<\/section>\n\t\t\t\t<section class=\"elementor-section elementor-inner-section elementor-element elementor-element-8968b5c elementor-section-boxed elementor-section-height-default elementor-section-height-default\" data-id=\"8968b5c\" data-element_type=\"section\" data-e-type=\"section\">\n\t\t\t\t\t\t<div class=\"elementor-container elementor-column-gap-default\">\n\t\t\t\t\t<div class=\"elementor-column elementor-col-25 elementor-inner-column elementor-element elementor-element-3b7f33c\" data-id=\"3b7f33c\" data-element_type=\"column\" data-e-type=\"column\">\n\t\t\t<div class=\"elementor-widget-wrap elementor-element-populated\">\n\t\t\t\t\t\t<div class=\"elementor-element elementor-element-de77023 elementor-widget elementor-widget-text-editor\" data-id=\"de77023\" data-element_type=\"widget\" data-e-type=\"widget\" data-widget_type=\"text-editor.default\">\n\t\t\t\t<div class=\"elementor-widget-container\">\n\t\t\t\t\t\t\t\t\t<h3 style=\"outline-color: currentcolor; outline-style: none;\">Eliise Miljan<\/h3><p style=\"outline-color: currentcolor; outline-style: none; caret-color: #7a7a7a; color: #7a7a7a; font-size: 16px; font-family: Roboto, sans-serif;\">Archivist<\/p><p style=\"color: #7a7a7a; font-family: Roboto, sans-serif; font-size: 16px;\">\u00a0<\/p>\t\t\t\t\t\t\t\t<\/div>\n\t\t\t\t<\/div>\n\t\t\t\t\t<\/div>\n\t\t<\/div>\n\t\t\t\t<div class=\"elementor-column elementor-col-25 elementor-inner-column elementor-element elementor-element-86a9bbd\" data-id=\"86a9bbd\" data-element_type=\"column\" data-e-type=\"column\">\n\t\t\t<div class=\"elementor-widget-wrap elementor-element-populated\">\n\t\t\t\t\t\t<div class=\"elementor-element elementor-element-fbe5c4c elementor-widget elementor-widget-image\" data-id=\"fbe5c4c\" data-element_type=\"widget\" data-e-type=\"widget\" data-widget_type=\"image.default\">\n\t\t\t\t<div class=\"elementor-widget-container\">\n\t\t\t\t\t\t\t\t\t\t\t\t\t\t\t<img decoding=\"async\" src=\"https:\/\/aegee-tartu.ee\/wp-content\/uploads\/elementor\/thumbs\/DSC_0353-scaled-ra7942eui2sr8u1irxeghrgn7wflaqer8rzko88io8.jpg\" title=\"DSC_0353\" alt=\"DSC_0353\" loading=\"lazy\" \/>\t\t\t\t\t\t\t\t\t\t\t\t\t\t\t<\/div>\n\t\t\t\t<\/div>\n\t\t\t\t\t<\/div>\n\t\t<\/div>\n\t\t\t\t<div class=\"elementor-column elementor-col-25 elementor-inner-column elementor-element elementor-element-5372c0e\" data-id=\"5372c0e\" data-element_type=\"column\" data-e-type=\"column\">\n\t\t\t<div class=\"elementor-widget-wrap elementor-element-populated\">\n\t\t\t\t\t\t<div class=\"elementor-element elementor-element-084a80e elementor-widget elementor-widget-text-editor\" data-id=\"084a80e\" data-element_type=\"widget\" data-e-type=\"widget\" data-widget_type=\"text-editor.default\">\n\t\t\t\t<div class=\"elementor-widget-container\">\n\t\t\t\t\t\t\t\t\t<h3>Helena Sokk<\/h3><p style=\"color: #7a7a7a; font-family: Roboto, sans-serif; font-size: 16px;\">Treasurer<\/p><p style=\"color: #7a7a7a; font-family: Roboto, sans-serif; font-size: 16px;\">treasurer@aegee-tartu.ee<\/p>\t\t\t\t\t\t\t\t<\/div>\n\t\t\t\t<\/div>\n\t\t\t\t\t<\/div>\n\t\t<\/div>\n\t\t\t\t<div class=\"elementor-column elementor-col-25 elementor-inner-column elementor-element elementor-element-4e2c0a2\" data-id=\"4e2c0a2\" data-element_type=\"column\" data-e-type=\"column\">\n\t\t\t<div class=\"elementor-widget-wrap elementor-element-populated\">\n\t\t\t\t\t\t<div class=\"elementor-element elementor-element-0daef89 elementor-widget elementor-widget-image\" data-id=\"0daef89\" data-element_type=\"widget\" data-e-type=\"widget\" data-widget_type=\"image.default\">\n\t\t\t\t<div class=\"elementor-widget-container\">\n\t\t\t\t\t\t\t\t\t\t\t\t\t\t\t<img decoding=\"async\" src=\"https:\/\/aegee-tartu.ee\/wp-content\/uploads\/elementor\/thumbs\/DSC_0299-scaled-ra793c3d6psq7r3r1m0wjy3ql41bb7i9t5pz8hbjig.jpg\" title=\"DSC_0299\" alt=\"DSC_0299\" loading=\"lazy\" \/>\t\t\t\t\t\t\t\t\t\t\t\t\t\t\t<\/div>\n\t\t\t\t<\/div>\n\t\t\t\t\t<\/div>\n\t\t<\/div>\n\t\t\t\t\t<\/div>\n\t\t<\/section>\n\t\t\t\t\t<\/div>\n\t\t<\/div>\n\t\t\t\t\t<\/div>\n\t\t<\/section>\n\t\t\t\t<section class=\"elementor-section elementor-top-section elementor-element elementor-element-a7aaa29 elementor-section-boxed elementor-section-height-default elementor-section-height-default\" data-id=\"a7aaa29\" data-element_type=\"section\" data-e-type=\"section\">\n\t\t\t\t\t\t<div class=\"elementor-container elementor-column-gap-default\">\n\t\t\t\t\t<div class=\"elementor-column elementor-col-100 elementor-top-column elementor-element elementor-element-1b7b0ac\" data-id=\"1b7b0ac\" data-element_type=\"column\" data-e-type=\"column\">\n\t\t\t<div class=\"elementor-widget-wrap elementor-element-populated\">\n\t\t\t\t\t\t<section class=\"elementor-section elementor-inner-section elementor-element elementor-element-ed6fe8b elementor-section-boxed elementor-section-height-default elementor-section-height-default\" data-id=\"ed6fe8b\" data-element_type=\"section\" data-e-type=\"section\">\n\t\t\t\t\t\t<div class=\"elementor-container elementor-column-gap-default\">\n\t\t\t\t\t<div class=\"elementor-column elementor-col-50 elementor-inner-column elementor-element elementor-element-e8354d3\" data-id=\"e8354d3\" data-element_type=\"column\" data-e-type=\"column\">\n\t\t\t<div class=\"elementor-widget-wrap elementor-element-populated\">\n\t\t\t\t\t\t<div class=\"elementor-element elementor-element-5859770 elementor-widget elementor-widget-text-editor\" data-id=\"5859770\" data-element_type=\"widget\" data-e-type=\"widget\" data-widget_type=\"text-editor.default\">\n\t\t\t\t<div class=\"elementor-widget-container\">\n\t\t\t\t\t\t\t\t\t<p>For questions, wishes, and suggestions, please contact us. We will respond to you as soon as possible<\/p><p><strong>Address:<\/strong>\u00a0 \u00a0 \u00a0 Lille 9, Tartu 51010, Eesti<\/p><p><strong>Email:<\/strong>\u00a0 \u00a0 \u00a0 \u00a0 \u00a0 \u00a0<a href=\"mailto:info@aegee-tartu.ee\" target=\"_blank\" rel=\"noopener\">info@aegee-tartu.ee<\/a><\/p><p><strong>Facebook:<\/strong>\u00a0 \u00a0<a href=\"https:\/\/www.facebook.com\/aegee.tartu\/\" target=\"_blank\" rel=\"noopener\">AEGEE-Tartu<\/a><\/p><p><strong>Instagram:\u00a0 \u00a0<\/strong><a href=\"https:\/\/www.instagram.com\/aegee.tartu\/\" target=\"_blank\" rel=\"noopener\">aegee.tartu<\/a><\/p><p><strong>Recipient's name:<\/strong> mittetulundus\u00fching AEGEE-Tartu<\/p><p><strong>A\/A:<\/strong> EE347700771006025774<\/p>\t\t\t\t\t\t\t\t<\/div>\n\t\t\t\t<\/div>\n\t\t\t\t\t<\/div>\n\t\t<\/div>\n\t\t\t\t<div class=\"elementor-column elementor-col-50 elementor-inner-column elementor-element elementor-element-a12e857\" data-id=\"a12e857\" data-element_type=\"column\" data-e-type=\"column\">\n\t\t\t<div class=\"elementor-widget-wrap elementor-element-populated\">\n\t\t\t\t\t\t<div class=\"elementor-element elementor-element-2214337 elementor-widget elementor-widget-google_maps\" data-id=\"2214337\" data-element_type=\"widget\" data-e-type=\"widget\" data-widget_type=\"google_maps.default\">\n\t\t\t\t<div class=\"elementor-widget-container\">\n\t\t\t\t\t\t\t<div class=\"elementor-custom-embed\">\n\t\t\t<iframe loading=\"lazy\"\n\t\t\t\t\tsrc=\"https:\/\/maps.google.com\/maps?q=Lille%209%2C%20Tartu&#038;t=m&#038;z=16&#038;output=embed&#038;iwloc=near\"\n\t\t\t\t\ttitle=\"Lille 9, Tartu\"\n\t\t\t\t\taria-label=\"Lille 9, Tartu\"\n\t\t\t><\/iframe>\n\t\t<\/div>\n\t\t\t\t\t\t<\/div>\n\t\t\t\t<\/div>\n\t\t\t\t\t<\/div>\n\t\t<\/div>\n\t\t\t\t\t<\/div>\n\t\t<\/section>\n\t\t\t\t\t<\/div>\n\t\t<\/div>\n\t\t\t\t\t<\/div>\n\t\t<\/section>\n\t\t\t\t<\/div>","protected":false},"excerpt":{"rendered":"<p class=\"excerpt\">Kontaktid Saskia Kolberg President president@aegee-tartu.ee Karl Mattias Laiuste Sekret\u00e4r info@aegee-tartu.ee \u00a0 Martin Valvas \u00dcrituste tiimevents@aegee-tartu.ee Erki Laur Avalikud suhted publicrelations@aegee-tartu.ee Eliise Miljan Arhiveerija \u00a0 Helena Sokk Laekur treasurer@aegee-tartu.ee K\u00fcsimuste, soovide ja ettepanekute korral v\u00f5tke meiega \u00fchendust. Vastame Teile esimesel v\u00f5imalusel. Aadress:\u00a0 \u00a0 \u00a0 Lille 9, Tartu 51010, Eesti Email:\u00a0 \u00a0 \u00a0 \u00a0 \u00a0 \u00a0info@aegee-tartu.ee Facebook:\u00a0 \u00a0AEGEE-Tartu Instagram:\u00a0 \u00a0aegee.tartu Saaja: mittetulundus\u00fching&hellip; <a href=\"https:\/\/aegee-tartu.ee\/en\/kontaktid\/\">Read more &rarr;<\/a><\/p>","protected":false},"author":1,"featured_media":0,"parent":0,"menu_order":0,"comment_status":"closed","ping_status":"closed","template":"","meta":{"_exactmetrics_skip_tracking":false,"_exactmetrics_sitenote_active":false,"_exactmetrics_sitenote_note":"","_exactmetrics_sitenote_category":0,"footnotes":""},"class_list":["post-2735","page","type-page","status-publish","hentry","xfolkentry"],"_links":{"self":[{"href":"https:\/\/aegee-tartu.ee\/en\/wp-json\/wp\/v2\/pages\/2735","targetHints":{"allow":["GET"]}}],"collection":[{"href":"https:\/\/aegee-tartu.ee\/en\/wp-json\/wp\/v2\/pages"}],"about":[{"href":"https:\/\/aegee-tartu.ee\/en\/wp-json\/wp\/v2\/types\/page"}],"author":[{"embeddable":true,"href":"https:\/\/aegee-tartu.ee\/en\/wp-json\/wp\/v2\/users\/1"}],"replies":[{"embeddable":true,"href":"https:\/\/aegee-tartu.ee\/en\/wp-json\/wp\/v2\/comments?post=2735"}],"version-history":[{"count":96,"href":"https:\/\/aegee-tartu.ee\/en\/wp-json\/wp\/v2\/pages\/2735\/revisions"}],"predecessor-version":[{"id":3635,"href":"https:\/\/aegee-tartu.ee\/en\/wp-json\/wp\/v2\/pages\/2735\/revisions\/3635"}],"wp:attachment":[{"href":"https:\/\/aegee-tartu.ee\/en\/wp-json\/wp\/v2\/media?parent=2735"}],"curies":[{"name":"wp","href":"https:\/\/api.w.org\/{rel}","templated":true}]}}