{"id":2885,"date":"2023-10-17T14:39:36","date_gmt":"2023-10-17T11:39:36","guid":{"rendered":"https:\/\/aegee-tartu.ee\/?page_id=2885"},"modified":"2024-02-20T15:52:05","modified_gmt":"2024-02-20T13:52:05","slug":"about","status":"publish","type":"page","link":"https:\/\/aegee-tartu.ee\/en\/about\/","title":{"rendered":"ABOUT"},"content":{"rendered":"<div data-elementor-type=\"wp-page\" data-elementor-id=\"2885\" class=\"elementor elementor-2885\">\n\t\t\t\t\t\t<section class=\"elementor-section elementor-top-section elementor-element elementor-element-7e850ba elementor-section-boxed elementor-section-height-default elementor-section-height-default\" data-id=\"7e850ba\" data-element_type=\"section\" data-e-type=\"section\">\n\t\t\t\t\t\t<div class=\"elementor-container elementor-column-gap-default\">\n\t\t\t\t\t<div class=\"elementor-column elementor-col-100 elementor-top-column elementor-element elementor-element-fe7f7f2\" data-id=\"fe7f7f2\" data-element_type=\"column\" data-e-type=\"column\">\n\t\t\t<div class=\"elementor-widget-wrap elementor-element-populated\">\n\t\t\t\t\t\t<div class=\"elementor-element elementor-element-bfa32c6 elementor-widget elementor-widget-heading\" data-id=\"bfa32c6\" data-element_type=\"widget\" data-e-type=\"widget\" data-widget_type=\"heading.default\">\n\t\t\t\t<div class=\"elementor-widget-container\">\n\t\t\t\t\t<h2 class=\"elementor-heading-title elementor-size-default\">ABOUT<\/h2>\t\t\t\t<\/div>\n\t\t\t\t<\/div>\n\t\t\t\t\t<\/div>\n\t\t<\/div>\n\t\t\t\t\t<\/div>\n\t\t<\/section>\n\t\t\t\t<section class=\"elementor-section elementor-top-section elementor-element elementor-element-f1da075 elementor-section-boxed elementor-section-height-default elementor-section-height-default\" data-id=\"f1da075\" data-element_type=\"section\" data-e-type=\"section\">\n\t\t\t\t\t\t<div class=\"elementor-container elementor-column-gap-default\">\n\t\t\t\t\t<div class=\"elementor-column elementor-col-100 elementor-top-column elementor-element elementor-element-9cb1d5c\" data-id=\"9cb1d5c\" data-element_type=\"column\" data-e-type=\"column\">\n\t\t\t<div class=\"elementor-widget-wrap elementor-element-populated\">\n\t\t\t\t\t\t<div class=\"elementor-element elementor-element-39f25c1 elementor-widget elementor-widget-text-editor\" data-id=\"39f25c1\" data-element_type=\"widget\" data-e-type=\"widget\" data-widget_type=\"text-editor.default\">\n\t\t\t\t<div class=\"elementor-widget-container\">\n\t\t\t\t\t\t\t\t\t<h3><b>AEGEE-Tartu<\/b><\/h3><p>AEGEE is an international, tolerant and open community of friends. Its current main focus areas are <b>climate emergency, mental health, political activism<\/b> and <b>social equity.<\/b><\/p><p>We organise events in Tartu every week. The topics may include European cultures, personal development or anything that is currently relevant. We also value social activities and time spent together. International projects take place around Europe all year round and everyone is free to apply to them straight after joining.<\/p><p>The longest and best-known project of AEGEE is <b>Summer University<\/b> during which you\u2019ll spend two weeks somewhere in Europe together with a group of international friends, participate in thematic workshops, discover local culture and leave your comfort zone. There are lots of opportunities at both local and European level and each member is free to choose which ones they\u2019d like to be part of. It\u2019s not about your previous experience or position but your own initiative!<\/p>\t\t\t\t\t\t\t\t<\/div>\n\t\t\t\t<\/div>\n\t\t\t\t<div class=\"elementor-element elementor-element-a09ada2 elementor-arrows-position-inside elementor-pagination-position-outside elementor-widget elementor-widget-image-carousel\" data-id=\"a09ada2\" data-element_type=\"widget\" data-e-type=\"widget\" data-settings=\"{&quot;slides_to_show&quot;:&quot;1&quot;,&quot;navigation&quot;:&quot;both&quot;,&quot;autoplay&quot;:&quot;yes&quot;,&quot;pause_on_hover&quot;:&quot;yes&quot;,&quot;pause_on_interaction&quot;:&quot;yes&quot;,&quot;autoplay_speed&quot;:5000,&quot;infinite&quot;:&quot;yes&quot;,&quot;effect&quot;:&quot;slide&quot;,&quot;speed&quot;:500}\" data-widget_type=\"image-carousel.default\">\n\t\t\t\t<div class=\"elementor-widget-container\">\n\t\t\t\t\t\t\t<div class=\"elementor-image-carousel-wrapper swiper\" role=\"region\" aria-roledescription=\"carousel\" aria-label=\"Image Carousel\" dir=\"ltr\">\n\t\t\t<div class=\"elementor-image-carousel swiper-wrapper\" aria-live=\"off\">\n\t\t\t\t\t\t\t\t<div class=\"swiper-slide\" role=\"group\" aria-roledescription=\"slide\" aria-label=\"1 of 3\"><figure class=\"swiper-slide-inner\"><img decoding=\"async\" class=\"swiper-slide-image\" src=\"https:\/\/aegee-tartu.ee\/wp-content\/uploads\/2018\/12\/1JK07SEP18B03-scaled.jpg\" alt=\"1JK07SEP18B03\" \/><\/figure><\/div><div class=\"swiper-slide\" role=\"group\" aria-roledescription=\"slide\" aria-label=\"2 of 3\"><figure class=\"swiper-slide-inner\"><img decoding=\"async\" class=\"swiper-slide-image\" src=\"https:\/\/aegee-tartu.ee\/wp-content\/uploads\/2018\/12\/1JK06SEP18B11-scaled.jpg\" alt=\"1JK06SEP18B11\" \/><\/figure><\/div><div class=\"swiper-slide\" role=\"group\" aria-roledescription=\"slide\" aria-label=\"3 of 3\"><figure class=\"swiper-slide-inner\"><img decoding=\"async\" class=\"swiper-slide-image\" src=\"https:\/\/aegee-tartu.ee\/wp-content\/uploads\/2023\/08\/346130446_233188579433895_9088218612742895608_n.jpg\" alt=\"346130446_233188579433895_9088218612742895608_n\" \/><\/figure><\/div>\t\t\t<\/div>\n\t\t\t\t\t\t\t\t\t\t\t\t<div class=\"elementor-swiper-button elementor-swiper-button-prev\" role=\"button\" tabindex=\"0\">\n\t\t\t\t\t\t<i aria-hidden=\"true\" class=\"eicon-chevron-left\"><\/i>\t\t\t\t\t<\/div>\n\t\t\t\t\t<div class=\"elementor-swiper-button elementor-swiper-button-next\" role=\"button\" tabindex=\"0\">\n\t\t\t\t\t\t<i aria-hidden=\"true\" class=\"eicon-chevron-right\"><\/i>\t\t\t\t\t<\/div>\n\t\t\t\t\n\t\t\t\t\t\t\t\t\t<div class=\"swiper-pagination\"><\/div>\n\t\t\t\t\t\t\t\t\t<\/div>\n\t\t\t\t\t\t<\/div>\n\t\t\t\t<\/div>\n\t\t\t\t<div class=\"elementor-element elementor-element-93a38d5 elementor-widget elementor-widget-text-editor\" data-id=\"93a38d5\" data-element_type=\"widget\" data-e-type=\"widget\" data-widget_type=\"text-editor.default\">\n\t\t\t\t<div class=\"elementor-widget-container\">\n\t\t\t\t\t\t\t\t\t<h3><b>About AEGEE<\/b><\/h3><p>AEGEE (<i>Association des \u00c9tats G\u00e9n\u00e9raux des \u00c9tudiants de l&#8217;Europe<\/i>) is a youth organisation founded in 1985 that is currently present in about 200 cities around Europe. One of its central ideas is borderless Europe. AEGEE works on two levels &#8211; local and European; there is no national level.<\/p><p>AEGEE gives you an opportunity to meet many interesting people from other countries, develop yourself through non-formal education, take part in thematic projects and discuss on current topics together with other young people. AEGEE events are organised by and for young people which makes the whole experience even more powerful!<\/p><p>You can join AEGEE at any time &#8211; we will contact you once you\u2019ve filled in the <a href=\"https:\/\/forms.gle\/nBykR1hhR1m7JVac7\" target=\"_blank\" rel=\"noopener noreferrer\">registration form<\/a>. Members must be <b>at least 18<\/b> and <b>no more than 35<\/b> years old. The working language of AEGEE is English at the European level and both English and Estonian at the local level.<\/p><h4><strong>Vision<\/strong><\/h4><p>Offer the students of Tartu an opportunity for development through experiences on international and local level<\/p><h4><strong>Mission<\/strong><\/h4><p>For that we:<\/p><ol><li>Create an international group of friends<\/li><li>Organize cultural, thematic and educational events<\/li><li>Create an opportunity to take part in European events and working groups<\/li><\/ol>\t\t\t\t\t\t\t\t<\/div>\n\t\t\t\t<\/div>\n\t\t\t\t\t<\/div>\n\t\t<\/div>\n\t\t\t\t\t<\/div>\n\t\t<\/section>\n\t\t\t\t<\/div>","protected":false},"excerpt":{"rendered":"<p class=\"excerpt\">ABOUT AEGEE-Tartu AEGEE is an international, tolerant and open community of friends. Its current main focus areas are climate emergency, mental health, political activism and social equity. We organise events in Tartu every week. The topics may include European cultures, personal development or anything that is currently relevant. We also value social activities and time spent together. International projects take&hellip; <a href=\"https:\/\/aegee-tartu.ee\/en\/about\/\">Read more &rarr;<\/a><\/p>","protected":false},"author":1,"featured_media":0,"parent":0,"menu_order":0,"comment_status":"closed","ping_status":"closed","template":"","meta":{"_exactmetrics_skip_tracking":false,"_exactmetrics_sitenote_active":false,"_exactmetrics_sitenote_note":"","_exactmetrics_sitenote_category":0,"footnotes":""},"class_list":["post-2885","page","type-page","status-publish","hentry","xfolkentry"],"_links":{"self":[{"href":"https:\/\/aegee-tartu.ee\/en\/wp-json\/wp\/v2\/pages\/2885","targetHints":{"allow":["GET"]}}],"collection":[{"href":"https:\/\/aegee-tartu.ee\/en\/wp-json\/wp\/v2\/pages"}],"about":[{"href":"https:\/\/aegee-tartu.ee\/en\/wp-json\/wp\/v2\/types\/page"}],"author":[{"embeddable":true,"href":"https:\/\/aegee-tartu.ee\/en\/wp-json\/wp\/v2\/users\/1"}],"replies":[{"embeddable":true,"href":"https:\/\/aegee-tartu.ee\/en\/wp-json\/wp\/v2\/comments?post=2885"}],"version-history":[{"count":10,"href":"https:\/\/aegee-tartu.ee\/en\/wp-json\/wp\/v2\/pages\/2885\/revisions"}],"predecessor-version":[{"id":3756,"href":"https:\/\/aegee-tartu.ee\/en\/wp-json\/wp\/v2\/pages\/2885\/revisions\/3756"}],"wp:attachment":[{"href":"https:\/\/aegee-tartu.ee\/en\/wp-json\/wp\/v2\/media?parent=2885"}],"curies":[{"name":"wp","href":"https:\/\/api.w.org\/{rel}","templated":true}]}}