{"id":2979,"date":"2023-10-23T18:39:47","date_gmt":"2023-10-23T15:39:47","guid":{"rendered":"https:\/\/aegee-tartu.ee\/?page_id=2979"},"modified":"2024-02-20T15:59:57","modified_gmt":"2024-02-20T13:59:57","slug":"maskott","status":"publish","type":"page","link":"https:\/\/aegee-tartu.ee\/en\/maskott\/","title":{"rendered":"Mascot"},"content":{"rendered":"<div data-elementor-type=\"wp-page\" data-elementor-id=\"2979\" class=\"elementor elementor-2979\">\n\t\t\t\t\t\t<section class=\"elementor-section elementor-top-section elementor-element elementor-element-e41214d elementor-section-boxed elementor-section-height-default elementor-section-height-default\" data-id=\"e41214d\" data-element_type=\"section\" data-e-type=\"section\">\n\t\t\t\t\t\t<div class=\"elementor-container elementor-column-gap-default\">\n\t\t\t\t\t<div class=\"elementor-column elementor-col-100 elementor-top-column elementor-element elementor-element-e14a702\" data-id=\"e14a702\" data-element_type=\"column\" data-e-type=\"column\">\n\t\t\t<div class=\"elementor-widget-wrap elementor-element-populated\">\n\t\t\t\t\t\t<div class=\"elementor-element elementor-element-129096f elementor-widget elementor-widget-heading\" data-id=\"129096f\" data-element_type=\"widget\" data-e-type=\"widget\" data-widget_type=\"heading.default\">\n\t\t\t\t<div class=\"elementor-widget-container\">\n\t\t\t\t\t<h2 class=\"elementor-heading-title elementor-size-default\">Mascot<\/h2>\t\t\t\t<\/div>\n\t\t\t\t<\/div>\n\t\t\t\t\t<\/div>\n\t\t<\/div>\n\t\t\t\t\t<\/div>\n\t\t<\/section>\n\t\t\t\t<section class=\"elementor-section elementor-top-section elementor-element elementor-element-9fcee40 elementor-section-boxed elementor-section-height-default elementor-section-height-default\" data-id=\"9fcee40\" data-element_type=\"section\" data-e-type=\"section\">\n\t\t\t\t\t\t<div class=\"elementor-container elementor-column-gap-default\">\n\t\t\t\t\t<div class=\"elementor-column elementor-col-100 elementor-top-column elementor-element elementor-element-79a258d\" data-id=\"79a258d\" data-element_type=\"column\" data-e-type=\"column\">\n\t\t\t<div class=\"elementor-widget-wrap elementor-element-populated\">\n\t\t\t\t\t\t<div class=\"elementor-element elementor-element-f5820e6 elementor-widget elementor-widget-text-editor\" data-id=\"f5820e6\" data-element_type=\"widget\" data-e-type=\"widget\" data-widget_type=\"text-editor.default\">\n\t\t\t\t<div class=\"elementor-widget-container\">\n\t\t\t\t\t\t\t\t\t<p>AEGEE-Tartu's mascot is <strong>hedgehog Hugo!<\/strong><\/p><p>Hugo has been the mascot of AEGEE-Tartu since December 2018, when the local Agora annointed him. Hugo accompanies our members to foreign events and other trips, participates in all local events and represents us at public events in Tartu. He is our source of counsel and strength.<\/p><p>Hugo is a small but cheerful, hardworking, open and nocturnal animal. Although he is prickly and quiet at first glance, on closer inspection he turns out to be a soft and open communicator. His favorite activities include traveling, dancing and singing with his peers, and unexpectedly dropping into working group meetings. Hugo's endless wealth of experience helps us in our daily work and gives us the energy to celebrate achievements in the long night.<\/p>\t\t\t\t\t\t\t\t<\/div>\n\t\t\t\t<\/div>\n\t\t\t\t<div class=\"elementor-element elementor-element-47888da elementor-arrows-position-inside elementor-pagination-position-outside elementor-widget elementor-widget-image-carousel\" data-id=\"47888da\" data-element_type=\"widget\" data-e-type=\"widget\" data-settings=\"{&quot;slides_to_show&quot;:&quot;1&quot;,&quot;navigation&quot;:&quot;both&quot;,&quot;autoplay&quot;:&quot;yes&quot;,&quot;pause_on_hover&quot;:&quot;yes&quot;,&quot;pause_on_interaction&quot;:&quot;yes&quot;,&quot;autoplay_speed&quot;:5000,&quot;infinite&quot;:&quot;yes&quot;,&quot;effect&quot;:&quot;slide&quot;,&quot;speed&quot;:500}\" data-widget_type=\"image-carousel.default\">\n\t\t\t\t<div class=\"elementor-widget-container\">\n\t\t\t\t\t\t\t<div class=\"elementor-image-carousel-wrapper swiper\" role=\"region\" aria-roledescription=\"carousel\" aria-label=\"Image Carousel\" dir=\"ltr\">\n\t\t\t<div class=\"elementor-image-carousel swiper-wrapper swiper-image-stretch\" aria-live=\"off\">\n\t\t\t\t\t\t\t\t<div class=\"swiper-slide\" role=\"group\" aria-roledescription=\"slide\" aria-label=\"1 of 4\" data-no-translation-aria-label=\"\"><figure class=\"swiper-slide-inner\"><img decoding=\"async\" class=\"swiper-slide-image\" src=\"https:\/\/aegee-tartu.ee\/wp-content\/uploads\/2024\/02\/infocover-new.jpeg\" alt=\"infocover-new\" \/><\/figure><\/div><div class=\"swiper-slide\" role=\"group\" aria-roledescription=\"slide\" aria-label=\"2 of 4\" data-no-translation-aria-label=\"\"><figure class=\"swiper-slide-inner\"><img decoding=\"async\" class=\"swiper-slide-image\" src=\"https:\/\/aegee-tartu.ee\/wp-content\/uploads\/2024\/02\/hugo2new.jpg\" alt=\"hugo2new\" \/><\/figure><\/div><div class=\"swiper-slide\" role=\"group\" aria-roledescription=\"slide\" aria-label=\"3 of 4\" data-no-translation-aria-label=\"\"><figure class=\"swiper-slide-inner\"><img decoding=\"async\" class=\"swiper-slide-image\" src=\"https:\/\/aegee-tartu.ee\/wp-content\/uploads\/2024\/02\/hugonew.jpg\" alt=\"hugonew\" \/><\/figure><\/div><div class=\"swiper-slide\" role=\"group\" aria-roledescription=\"slide\" aria-label=\"4 of 4\" data-no-translation-aria-label=\"\"><figure class=\"swiper-slide-inner\"><img decoding=\"async\" class=\"swiper-slide-image\" src=\"https:\/\/aegee-tartu.ee\/wp-content\/uploads\/2024\/02\/hugo3new.jpg\" alt=\"hugo3new\" \/><\/figure><\/div>\t\t\t<\/div>\n\t\t\t\t\t\t\t\t\t\t\t\t<div class=\"elementor-swiper-button elementor-swiper-button-prev\" role=\"button\" tabindex=\"0\">\n\t\t\t\t\t\t<i aria-hidden=\"true\" class=\"eicon-chevron-left\"><\/i>\t\t\t\t\t<\/div>\n\t\t\t\t\t<div class=\"elementor-swiper-button elementor-swiper-button-next\" role=\"button\" tabindex=\"0\">\n\t\t\t\t\t\t<i aria-hidden=\"true\" class=\"eicon-chevron-right\"><\/i>\t\t\t\t\t<\/div>\n\t\t\t\t\n\t\t\t\t\t\t\t\t\t<div class=\"swiper-pagination\"><\/div>\n\t\t\t\t\t\t\t\t\t<\/div>\n\t\t\t\t\t\t<\/div>\n\t\t\t\t<\/div>\n\t\t\t\t\t<\/div>\n\t\t<\/div>\n\t\t\t\t\t<\/div>\n\t\t<\/section>\n\t\t\t\t<\/div>","protected":false},"excerpt":{"rendered":"<p class=\"excerpt\">Maskott AEGEE-Tartu maskott on siil Hugo! Hugo on AEGEE-Tartu maskott alates 2018. aasta detsembrist, mil kohalik Agora ta ametisse kinnitas. Hugo k\u00e4ib meie liikmetega kaasas v\u00e4lis\u00fcritustel ja teistel reisidel, osaleb k\u00f5igil kohalikel ettev\u00f5tmistel ning esindab meid Tartu avalikel \u00fcritustel. Ta on meie n\u00f5u ja j\u00f5u allikas. Hugo on v\u00e4ike aga l\u00f5bus, t\u00f6\u00f6kas, avatud ja \u00f6ise tegutsemisega loom. Kuigi ta on&hellip; <a href=\"https:\/\/aegee-tartu.ee\/en\/maskott\/\">Read more &rarr;<\/a><\/p>","protected":false},"author":1,"featured_media":0,"parent":0,"menu_order":0,"comment_status":"closed","ping_status":"closed","template":"","meta":{"_exactmetrics_skip_tracking":false,"_exactmetrics_sitenote_active":false,"_exactmetrics_sitenote_note":"","_exactmetrics_sitenote_category":0,"footnotes":""},"class_list":["post-2979","page","type-page","status-publish","hentry","xfolkentry"],"_links":{"self":[{"href":"https:\/\/aegee-tartu.ee\/en\/wp-json\/wp\/v2\/pages\/2979","targetHints":{"allow":["GET"]}}],"collection":[{"href":"https:\/\/aegee-tartu.ee\/en\/wp-json\/wp\/v2\/pages"}],"about":[{"href":"https:\/\/aegee-tartu.ee\/en\/wp-json\/wp\/v2\/types\/page"}],"author":[{"embeddable":true,"href":"https:\/\/aegee-tartu.ee\/en\/wp-json\/wp\/v2\/users\/1"}],"replies":[{"embeddable":true,"href":"https:\/\/aegee-tartu.ee\/en\/wp-json\/wp\/v2\/comments?post=2979"}],"version-history":[{"count":18,"href":"https:\/\/aegee-tartu.ee\/en\/wp-json\/wp\/v2\/pages\/2979\/revisions"}],"predecessor-version":[{"id":3188,"href":"https:\/\/aegee-tartu.ee\/en\/wp-json\/wp\/v2\/pages\/2979\/revisions\/3188"}],"wp:attachment":[{"href":"https:\/\/aegee-tartu.ee\/en\/wp-json\/wp\/v2\/media?parent=2979"}],"curies":[{"name":"wp","href":"https:\/\/api.w.org\/{rel}","templated":true}]}}