{"id":2996,"date":"2023-10-23T18:51:48","date_gmt":"2023-10-23T15:51:48","guid":{"rendered":"https:\/\/aegee-tartu.ee\/?page_id=2996"},"modified":"2025-08-23T16:07:50","modified_gmt":"2025-08-23T13:07:50","slug":"kuidas-liituda","status":"publish","type":"page","link":"https:\/\/aegee-tartu.ee\/en\/kuidas-liituda\/","title":{"rendered":"How to join?"},"content":{"rendered":"<div data-elementor-type=\"wp-page\" data-elementor-id=\"2996\" class=\"elementor elementor-2996\">\n\t\t\t\t\t\t<section class=\"elementor-section elementor-top-section elementor-element elementor-element-040e2d7 elementor-section-boxed elementor-section-height-default elementor-section-height-default\" data-id=\"040e2d7\" data-element_type=\"section\" data-e-type=\"section\">\n\t\t\t\t\t\t<div class=\"elementor-container elementor-column-gap-default\">\n\t\t\t\t\t<div class=\"elementor-column elementor-col-100 elementor-top-column elementor-element elementor-element-5b3501a\" data-id=\"5b3501a\" data-element_type=\"column\" data-e-type=\"column\">\n\t\t\t<div class=\"elementor-widget-wrap elementor-element-populated\">\n\t\t\t\t\t\t<div class=\"elementor-element elementor-element-5642bf2 elementor-widget elementor-widget-heading\" data-id=\"5642bf2\" data-element_type=\"widget\" data-e-type=\"widget\" data-widget_type=\"heading.default\">\n\t\t\t\t<div class=\"elementor-widget-container\">\n\t\t\t\t\t<h2 class=\"elementor-heading-title elementor-size-default\">How to join?<\/h2>\t\t\t\t<\/div>\n\t\t\t\t<\/div>\n\t\t\t\t\t<\/div>\n\t\t<\/div>\n\t\t\t\t\t<\/div>\n\t\t<\/section>\n\t\t\t\t<section class=\"elementor-section elementor-top-section elementor-element elementor-element-8a20818 elementor-section-boxed elementor-section-height-default elementor-section-height-default\" data-id=\"8a20818\" data-element_type=\"section\" data-e-type=\"section\">\n\t\t\t\t\t\t<div class=\"elementor-container elementor-column-gap-default\">\n\t\t\t\t\t<div class=\"elementor-column elementor-col-100 elementor-top-column elementor-element elementor-element-f430fab\" data-id=\"f430fab\" data-element_type=\"column\" data-e-type=\"column\">\n\t\t\t<div class=\"elementor-widget-wrap elementor-element-populated\">\n\t\t\t\t\t\t<div class=\"elementor-element elementor-element-fa17eb0 elementor-widget elementor-widget-text-editor\" data-id=\"fa17eb0\" data-element_type=\"widget\" data-e-type=\"widget\" data-widget_type=\"text-editor.default\">\n\t\t\t\t<div class=\"elementor-widget-container\">\n\t\t\t\t\t\t\t\t\t<p>It is easy to join AEGEE-Tartu - just fill in <a href=\"https:\/\/forms.gle\/PA8AnnDbtSMjryxV9\" target=\"_blank\" rel=\"noopener noreferrer\">this form<\/a> and we will contact you!<\/p><p>You can join us at any time, whether it is the beginning, middle or end of the semester. However, we recommend that you keep an eye on our <a href=\"https:\/\/www.facebook.com\/aegee.tartu\" target=\"_blank\" rel=\"noopener noreferrer\">Facebook page<\/a> for public events to get to know us better before joining. After filling out the application, we will schedule an <strong>interview<\/strong>, where we get to know each other better.<\/p><p>If you receive a positive answer after the interview, a membership fee of 28 euros per year or 19 euros per semester must be paid. The membership fee ensures that we are able to organize an educational and fun event for our members every week, offer opportunities for external events and keep our organization financially independent.<\/p><p>Once you have officially become a member, you will soon meet your future <strong>mentor<\/strong>, who will be your first friend and supporter when settling into organizational life.<\/p>\t\t\t\t\t\t\t\t<\/div>\n\t\t\t\t<\/div>\n\t\t\t\t<div class=\"elementor-element elementor-element-defb225 elementor-widget elementor-widget-text-editor\" data-id=\"defb225\" data-element_type=\"widget\" data-e-type=\"widget\" data-widget_type=\"text-editor.default\">\n\t\t\t\t<div class=\"elementor-widget-container\">\n\t\t\t\t\t\t\t\t\t<h4><strong>We are waiting for you, open-minded and active young person!<\/strong><\/h4>\t\t\t\t\t\t\t\t<\/div>\n\t\t\t\t<\/div>\n\t\t\t\t\t<\/div>\n\t\t<\/div>\n\t\t\t\t\t<\/div>\n\t\t<\/section>\n\t\t\t\t<section class=\"elementor-section elementor-top-section elementor-element elementor-element-e476261 elementor-section-boxed elementor-section-height-default elementor-section-height-default\" data-id=\"e476261\" data-element_type=\"section\" data-e-type=\"section\">\n\t\t\t\t\t\t<div class=\"elementor-container elementor-column-gap-default\">\n\t\t\t\t\t<div class=\"elementor-column elementor-col-100 elementor-top-column elementor-element elementor-element-d56f955\" data-id=\"d56f955\" data-element_type=\"column\" data-e-type=\"column\">\n\t\t\t<div class=\"elementor-widget-wrap elementor-element-populated\">\n\t\t\t\t\t\t<section class=\"elementor-section elementor-inner-section elementor-element elementor-element-c0e5232 elementor-section-boxed elementor-section-height-default elementor-section-height-default\" data-id=\"c0e5232\" data-element_type=\"section\" data-e-type=\"section\">\n\t\t\t\t\t\t<div class=\"elementor-container elementor-column-gap-default\">\n\t\t\t\t\t<div class=\"elementor-column elementor-col-50 elementor-inner-column elementor-element elementor-element-0dd9511\" data-id=\"0dd9511\" data-element_type=\"column\" data-e-type=\"column\">\n\t\t\t<div class=\"elementor-widget-wrap elementor-element-populated\">\n\t\t\t\t\t\t<div class=\"elementor-element elementor-element-ba68545 elementor-widget elementor-widget-image\" data-id=\"ba68545\" data-element_type=\"widget\" data-e-type=\"widget\" data-widget_type=\"image.default\">\n\t\t\t\t<div class=\"elementor-widget-container\">\n\t\t\t\t\t\t\t\t\t\t\t\t\t\t\t<img fetchpriority=\"high\" decoding=\"async\" width=\"1024\" height=\"683\" src=\"https:\/\/aegee-tartu.ee\/wp-content\/uploads\/2019\/01\/1JK07SEP18B08-1024x683.jpg\" class=\"attachment-large size-large wp-image-1137\" alt=\"\" srcset=\"https:\/\/aegee-tartu.ee\/wp-content\/uploads\/2019\/01\/1JK07SEP18B08-1024x683.jpg 1024w, https:\/\/aegee-tartu.ee\/wp-content\/uploads\/2019\/01\/1JK07SEP18B08-scaled-600x400.jpg 600w, https:\/\/aegee-tartu.ee\/wp-content\/uploads\/2019\/01\/1JK07SEP18B08-300x200.jpg 300w, https:\/\/aegee-tartu.ee\/wp-content\/uploads\/2019\/01\/1JK07SEP18B08-768x512.jpg 768w, https:\/\/aegee-tartu.ee\/wp-content\/uploads\/2019\/01\/1JK07SEP18B08-272x182.jpg 272w\" sizes=\"(max-width: 1024px) 100vw, 1024px\" \/>\t\t\t\t\t\t\t\t\t\t\t\t\t\t\t<\/div>\n\t\t\t\t<\/div>\n\t\t\t\t\t<\/div>\n\t\t<\/div>\n\t\t\t\t<div class=\"elementor-column elementor-col-50 elementor-inner-column elementor-element elementor-element-4ac39ed\" data-id=\"4ac39ed\" data-element_type=\"column\" data-e-type=\"column\">\n\t\t\t<div class=\"elementor-widget-wrap elementor-element-populated\">\n\t\t\t\t\t\t<div class=\"elementor-element elementor-element-382f77f elementor-widget elementor-widget-image\" data-id=\"382f77f\" data-element_type=\"widget\" data-e-type=\"widget\" data-widget_type=\"image.default\">\n\t\t\t\t<div class=\"elementor-widget-container\">\n\t\t\t\t\t\t\t\t\t\t\t\t\t\t\t<img decoding=\"async\" width=\"1024\" height=\"683\" src=\"https:\/\/aegee-tartu.ee\/wp-content\/uploads\/2019\/01\/1JK018JAN19A1-1024x683.jpg\" class=\"attachment-large size-large wp-image-1134\" alt=\"\" srcset=\"https:\/\/aegee-tartu.ee\/wp-content\/uploads\/2019\/01\/1JK018JAN19A1-1024x683.jpg 1024w, https:\/\/aegee-tartu.ee\/wp-content\/uploads\/2019\/01\/1JK018JAN19A1-scaled-600x400.jpg 600w, https:\/\/aegee-tartu.ee\/wp-content\/uploads\/2019\/01\/1JK018JAN19A1-300x200.jpg 300w, https:\/\/aegee-tartu.ee\/wp-content\/uploads\/2019\/01\/1JK018JAN19A1-768x512.jpg 768w, https:\/\/aegee-tartu.ee\/wp-content\/uploads\/2019\/01\/1JK018JAN19A1-272x182.jpg 272w\" sizes=\"(max-width: 1024px) 100vw, 1024px\" \/>\t\t\t\t\t\t\t\t\t\t\t\t\t\t\t<\/div>\n\t\t\t\t<\/div>\n\t\t\t\t\t<\/div>\n\t\t<\/div>\n\t\t\t\t\t<\/div>\n\t\t<\/section>\n\t\t\t\t\t<\/div>\n\t\t<\/div>\n\t\t\t\t\t<\/div>\n\t\t<\/section>\n\t\t\t\t<\/div>","protected":false},"excerpt":{"rendered":"<p class=\"excerpt\">Kuidas liituda? AEGEE-Tartuga liitumine on lihtne &#8211; tuleb t\u00e4ita vaid liitumisavaldus ja me v\u00f5tame sinuga ise \u00fchendust! Meiega saab liituda igal ajal, olenemata kas parasjagu on semestri algus, keskpaik v\u00f5i l\u00f5pp. Siiski soovitame meie Facebooki lehel hoida silma peal avalikel \u00fcritustel, et meiega enne liitumist paremini tuttavaks saada. P\u00e4rast avalduse t\u00e4itmist lepime kokku aja intervjuuks, kus saame l\u00e4hemalt tuttavaks. Kui&hellip; <a href=\"https:\/\/aegee-tartu.ee\/en\/kuidas-liituda\/\">Read more &rarr;<\/a><\/p>","protected":false},"author":1,"featured_media":0,"parent":0,"menu_order":0,"comment_status":"closed","ping_status":"closed","template":"","meta":{"_exactmetrics_skip_tracking":false,"_exactmetrics_sitenote_active":false,"_exactmetrics_sitenote_note":"","_exactmetrics_sitenote_category":0,"footnotes":""},"class_list":["post-2996","page","type-page","status-publish","hentry","xfolkentry"],"_links":{"self":[{"href":"https:\/\/aegee-tartu.ee\/en\/wp-json\/wp\/v2\/pages\/2996","targetHints":{"allow":["GET"]}}],"collection":[{"href":"https:\/\/aegee-tartu.ee\/en\/wp-json\/wp\/v2\/pages"}],"about":[{"href":"https:\/\/aegee-tartu.ee\/en\/wp-json\/wp\/v2\/types\/page"}],"author":[{"embeddable":true,"href":"https:\/\/aegee-tartu.ee\/en\/wp-json\/wp\/v2\/users\/1"}],"replies":[{"embeddable":true,"href":"https:\/\/aegee-tartu.ee\/en\/wp-json\/wp\/v2\/comments?post=2996"}],"version-history":[{"count":16,"href":"https:\/\/aegee-tartu.ee\/en\/wp-json\/wp\/v2\/pages\/2996\/revisions"}],"predecessor-version":[{"id":3506,"href":"https:\/\/aegee-tartu.ee\/en\/wp-json\/wp\/v2\/pages\/2996\/revisions\/3506"}],"wp:attachment":[{"href":"https:\/\/aegee-tartu.ee\/en\/wp-json\/wp\/v2\/media?parent=2996"}],"curies":[{"name":"wp","href":"https:\/\/api.w.org\/{rel}","templated":true}]}}