{"id":6,"date":"2015-12-21T19:34:29","date_gmt":"2015-12-21T19:34:29","guid":{"rendered":"http:\/\/aegee-tartu.ee\/?page_id=6"},"modified":"2023-04-13T21:12:44","modified_gmt":"2023-04-13T18:12:44","slug":"avaleht","status":"publish","type":"page","link":"https:\/\/aegee-tartu.ee\/en\/avaleht\/","title":{"rendered":""},"content":{"rendered":"<div id=\"pl-6\"  class=\"panel-layout\" ><div id=\"pg-6-0\"  class=\"panel-grid panel-no-style\" ><div id=\"pgc-6-0-0\"  class=\"panel-grid-cell\" ><div id=\"panel-6-0-0-0\" class=\"so-panel widget widget_media_image panel-first-child\" data-index=\"0\" ><img fetchpriority=\"high\" decoding=\"async\" width=\"2000\" height=\"500\" src=\"https:\/\/aegee-tartu.ee\/wp-content\/uploads\/2019\/01\/AEGEE-V\u00d5TI-EUROOPASSE-2.png\" class=\"image wp-image-1051  attachment-full size-full\" alt=\"\" style=\"max-width: 100%; height: auto;\" srcset=\"https:\/\/aegee-tartu.ee\/wp-content\/uploads\/2019\/01\/AEGEE-V\u00d5TI-EUROOPASSE-2.png 2000w, https:\/\/aegee-tartu.ee\/wp-content\/uploads\/2019\/01\/AEGEE-V\u00d5TI-EUROOPASSE-2-600x150.png 600w, https:\/\/aegee-tartu.ee\/wp-content\/uploads\/2019\/01\/AEGEE-V\u00d5TI-EUROOPASSE-2-300x75.png 300w, https:\/\/aegee-tartu.ee\/wp-content\/uploads\/2019\/01\/AEGEE-V\u00d5TI-EUROOPASSE-2-768x192.png 768w, https:\/\/aegee-tartu.ee\/wp-content\/uploads\/2019\/01\/AEGEE-V\u00d5TI-EUROOPASSE-2-1024x256.png 1024w\" sizes=\"(max-width: 2000px) 100vw, 2000px\" \/><\/div><div id=\"panel-6-0-0-1\" class=\"so-panel widget widget_sow-image-grid\" data-index=\"1\" ><div\n\t\t\t\n\t\t\tclass=\"so-widget-sow-image-grid so-widget-sow-image-grid-default-3fbf13dff59f-6\"\n\t\t\t\n\t\t>\t<div\n\t\tclass=\"sow-image-grid-wrapper\"\n\t\tdata-max-width=\"300\"\t\tdata-max-height=\"300\"\t>\n\t\t\t\t\t<div class=\"sow-image-grid-image\">\n\t\t\t\t\t\t\t\t\t\t\t\t<img decoding=\"async\" width=\"768\" height=\"384\" src=\"https:\/\/aegee-tartu.ee\/wp-content\/uploads\/2018\/12\/eur_161-linna-2-768x384.png\" class=\"sow-image-grid-image_html\" alt=\"\" title=\"eur_161 linna\" srcset=\"https:\/\/aegee-tartu.ee\/wp-content\/uploads\/2018\/12\/eur_161-linna-2-768x384.png 768w, https:\/\/aegee-tartu.ee\/wp-content\/uploads\/2018\/12\/eur_161-linna-2-600x300.png 600w, https:\/\/aegee-tartu.ee\/wp-content\/uploads\/2018\/12\/eur_161-linna-2-300x150.png 300w, https:\/\/aegee-tartu.ee\/wp-content\/uploads\/2018\/12\/eur_161-linna-2-1024x512.png 1024w\" sizes=\"(max-width: 768px) 100vw, 768px\" \/>\t\t\t\t\t\t\t\t\t\t\t<\/div>\n\t\t\t\t\t<div class=\"sow-image-grid-image\">\n\t\t\t\t\t\t\t\t\t\t\t\t<img decoding=\"async\" width=\"768\" height=\"384\" src=\"https:\/\/aegee-tartu.ee\/wp-content\/uploads\/2018\/12\/eur_40-riiki-768x384.png\" class=\"sow-image-grid-image_html\" alt=\"\" title=\"eur_40 riiki\" srcset=\"https:\/\/aegee-tartu.ee\/wp-content\/uploads\/2018\/12\/eur_40-riiki-768x384.png 768w, https:\/\/aegee-tartu.ee\/wp-content\/uploads\/2018\/12\/eur_40-riiki-600x300.png 600w, https:\/\/aegee-tartu.ee\/wp-content\/uploads\/2018\/12\/eur_40-riiki-300x150.png 300w, https:\/\/aegee-tartu.ee\/wp-content\/uploads\/2018\/12\/eur_40-riiki-1024x512.png 1024w\" sizes=\"(max-width: 768px) 100vw, 768px\" \/>\t\t\t\t\t\t\t\t\t\t\t<\/div>\n\t\t\t\t\t<div class=\"sow-image-grid-image\">\n\t\t\t\t\t\t\t\t\t\t\t\t<img loading=\"lazy\" decoding=\"async\" width=\"768\" height=\"384\" src=\"https:\/\/aegee-tartu.ee\/wp-content\/uploads\/2018\/12\/eur_13000-noort-768x384.png\" class=\"sow-image-grid-image_html\" alt=\"\" title=\"eur_13000 noort\" srcset=\"https:\/\/aegee-tartu.ee\/wp-content\/uploads\/2018\/12\/eur_13000-noort-768x384.png 768w, https:\/\/aegee-tartu.ee\/wp-content\/uploads\/2018\/12\/eur_13000-noort-600x300.png 600w, https:\/\/aegee-tartu.ee\/wp-content\/uploads\/2018\/12\/eur_13000-noort-300x150.png 300w, https:\/\/aegee-tartu.ee\/wp-content\/uploads\/2018\/12\/eur_13000-noort-1024x512.png 1024w\" sizes=\"(max-width: 768px) 100vw, 768px\" \/>\t\t\t\t\t\t\t\t\t\t\t<\/div>\n\t\t\t\t\t<div class=\"sow-image-grid-image\">\n\t\t\t\t\t\t\t\t\t\t\t\t<img loading=\"lazy\" decoding=\"async\" width=\"768\" height=\"384\" src=\"https:\/\/aegee-tartu.ee\/wp-content\/uploads\/2018\/12\/eur_4-fookusala-768x384.png\" class=\"sow-image-grid-image_html\" alt=\"\" title=\"eur_4 fookusala\" srcset=\"https:\/\/aegee-tartu.ee\/wp-content\/uploads\/2018\/12\/eur_4-fookusala-768x384.png 768w, https:\/\/aegee-tartu.ee\/wp-content\/uploads\/2018\/12\/eur_4-fookusala-600x300.png 600w, https:\/\/aegee-tartu.ee\/wp-content\/uploads\/2018\/12\/eur_4-fookusala-300x150.png 300w, https:\/\/aegee-tartu.ee\/wp-content\/uploads\/2018\/12\/eur_4-fookusala-1024x512.png 1024w\" sizes=\"(max-width: 768px) 100vw, 768px\" \/>\t\t\t\t\t\t\t\t\t\t\t<\/div>\n\t\t\t\t\t<div class=\"sow-image-grid-image\">\n\t\t\t\t\t\t\t\t\t\t\t\t<img loading=\"lazy\" decoding=\"async\" width=\"768\" height=\"384\" src=\"https:\/\/aegee-tartu.ee\/wp-content\/uploads\/2018\/12\/eur_7-temaatilist-projekti--768x384.png\" class=\"sow-image-grid-image_html\" alt=\"\" title=\"eur_7 temaatilist projekti\" srcset=\"https:\/\/aegee-tartu.ee\/wp-content\/uploads\/2018\/12\/eur_7-temaatilist-projekti--768x384.png 768w, https:\/\/aegee-tartu.ee\/wp-content\/uploads\/2018\/12\/eur_7-temaatilist-projekti--600x300.png 600w, https:\/\/aegee-tartu.ee\/wp-content\/uploads\/2018\/12\/eur_7-temaatilist-projekti--300x150.png 300w, https:\/\/aegee-tartu.ee\/wp-content\/uploads\/2018\/12\/eur_7-temaatilist-projekti--1024x512.png 1024w\" sizes=\"(max-width: 768px) 100vw, 768px\" \/>\t\t\t\t\t\t\t\t\t\t\t<\/div>\n\t\t\t\t\t<div class=\"sow-image-grid-image\">\n\t\t\t\t\t\t\t\t\t\t\t\t<img loading=\"lazy\" decoding=\"async\" width=\"768\" height=\"384\" src=\"https:\/\/aegee-tartu.ee\/wp-content\/uploads\/2018\/12\/eur_5-rahvusvahel-\u00fcr-768x384.png\" class=\"sow-image-grid-image_html\" alt=\"\" title=\"eur_5 rahvusvahel \u00fcr\" srcset=\"https:\/\/aegee-tartu.ee\/wp-content\/uploads\/2018\/12\/eur_5-rahvusvahel-\u00fcr-768x384.png 768w, https:\/\/aegee-tartu.ee\/wp-content\/uploads\/2018\/12\/eur_5-rahvusvahel-\u00fcr-600x300.png 600w, https:\/\/aegee-tartu.ee\/wp-content\/uploads\/2018\/12\/eur_5-rahvusvahel-\u00fcr-300x150.png 300w, https:\/\/aegee-tartu.ee\/wp-content\/uploads\/2018\/12\/eur_5-rahvusvahel-\u00fcr-1024x512.png 1024w\" sizes=\"(max-width: 768px) 100vw, 768px\" \/>\t\t\t\t\t\t\t\t\t\t\t<\/div>\n\t\t\t<\/div>\n<\/div><\/div><div id=\"panel-6-0-0-2\" class=\"so-panel widget widget_media_image panel-last-child\" data-index=\"2\" ><img loading=\"lazy\" decoding=\"async\" width=\"4000\" height=\"200\" src=\"https:\/\/aegee-tartu.ee\/wp-content\/uploads\/2019\/01\/Nimetu-kujundus-20.png\" class=\"image wp-image-1119  attachment-full size-full\" alt=\"\" style=\"max-width: 100%; height: auto;\" srcset=\"https:\/\/aegee-tartu.ee\/wp-content\/uploads\/2019\/01\/Nimetu-kujundus-20.png 4000w, https:\/\/aegee-tartu.ee\/wp-content\/uploads\/2019\/01\/Nimetu-kujundus-20-600x30.png 600w, https:\/\/aegee-tartu.ee\/wp-content\/uploads\/2019\/01\/Nimetu-kujundus-20-300x15.png 300w, https:\/\/aegee-tartu.ee\/wp-content\/uploads\/2019\/01\/Nimetu-kujundus-20-768x38.png 768w, https:\/\/aegee-tartu.ee\/wp-content\/uploads\/2019\/01\/Nimetu-kujundus-20-1024x51.png 1024w\" sizes=\"(max-width: 4000px) 100vw, 4000px\" \/><\/div><\/div><\/div><div id=\"pg-6-1\"  class=\"panel-grid panel-no-style\" ><div id=\"pgc-6-1-0\"  class=\"panel-grid-cell\" ><div id=\"panel-6-1-0-0\" class=\"so-panel widget widget_sow-image-grid panel-first-child\" data-index=\"3\" ><div\n\t\t\t\n\t\t\tclass=\"so-widget-sow-image-grid so-widget-sow-image-grid-default-af21f64d4a1b-6\"\n\t\t\t\n\t\t>\t<div\n\t\tclass=\"sow-image-grid-wrapper\"\n\t\tdata-max-width=\"150\"\t\tdata-max-height=\"150\"\t>\n\t\t\t\t\t<div class=\"sow-image-grid-image\">\n\t\t\t\t\t\t\t\t\t\t\t\t<img loading=\"lazy\" decoding=\"async\" width=\"512\" height=\"512\" src=\"https:\/\/aegee-tartu.ee\/wp-content\/uploads\/2019\/01\/Webp.net-gifmaker-2.gif\" class=\"sow-image-grid-image_html\" alt=\"\" title=\"Cultural Exchange\" \/>\t\t\t\t\t\t\t\t\t\t\t<\/div>\n\t\t\t\t\t<div class=\"sow-image-grid-image\">\n\t\t\t\t\t\t\t\t\t\t\t\t<img loading=\"lazy\" decoding=\"async\" width=\"512\" height=\"512\" src=\"https:\/\/aegee-tartu.ee\/wp-content\/uploads\/2019\/01\/Webp.net-gifmaker-3.gif\" class=\"sow-image-grid-image_html\" alt=\"\" title=\"Isiklik areng ja mitteformaalne haridus\" \/>\t\t\t\t\t\t\t\t\t\t\t<\/div>\n\t\t\t\t\t<div class=\"sow-image-grid-image\">\n\t\t\t\t\t\t\t\t\t\t\t\t<img loading=\"lazy\" decoding=\"async\" width=\"512\" height=\"512\" src=\"https:\/\/aegee-tartu.ee\/wp-content\/uploads\/2019\/01\/Webp.net-gifmaker-7.gif\" class=\"sow-image-grid-image_html\" alt=\"\" title=\"Thematic projects\" \/>\t\t\t\t\t\t\t\t\t\t\t<\/div>\n\t\t\t\t\t<div class=\"sow-image-grid-image\">\n\t\t\t\t\t\t\t\t\t\t\t\t<img loading=\"lazy\" decoding=\"async\" width=\"512\" height=\"512\" src=\"https:\/\/aegee-tartu.ee\/wp-content\/uploads\/2019\/01\/Webp.net-gifmaker-9.gif\" class=\"sow-image-grid-image_html\" alt=\"\" title=\"Huvikaitse\" \/>\t\t\t\t\t\t\t\t\t\t\t<\/div>\n\t\t\t\t\t<div class=\"sow-image-grid-image\">\n\t\t\t\t\t\t\t\t\t\t\t\t<img loading=\"lazy\" decoding=\"async\" width=\"512\" height=\"512\" src=\"https:\/\/aegee-tartu.ee\/wp-content\/uploads\/2019\/01\/Webp.net-gifmaker-10.gif\" class=\"sow-image-grid-image_html\" alt=\"\" title=\"Aruteluplatvorm\" \/>\t\t\t\t\t\t\t\t\t\t\t<\/div>\n\t\t\t<\/div>\n<\/div><\/div><div id=\"panel-6-1-0-1\" class=\"so-panel widget widget_media_image\" data-index=\"4\" ><img loading=\"lazy\" decoding=\"async\" width=\"4000\" height=\"200\" src=\"https:\/\/aegee-tartu.ee\/wp-content\/uploads\/2019\/01\/Nimetu-kujundus-20.png\" class=\"image wp-image-1119  attachment-full size-full\" alt=\"\" style=\"max-width: 100%; height: auto;\" srcset=\"https:\/\/aegee-tartu.ee\/wp-content\/uploads\/2019\/01\/Nimetu-kujundus-20.png 4000w, https:\/\/aegee-tartu.ee\/wp-content\/uploads\/2019\/01\/Nimetu-kujundus-20-600x30.png 600w, https:\/\/aegee-tartu.ee\/wp-content\/uploads\/2019\/01\/Nimetu-kujundus-20-300x15.png 300w, https:\/\/aegee-tartu.ee\/wp-content\/uploads\/2019\/01\/Nimetu-kujundus-20-768x38.png 768w, https:\/\/aegee-tartu.ee\/wp-content\/uploads\/2019\/01\/Nimetu-kujundus-20-1024x51.png 1024w\" sizes=\"(max-width: 4000px) 100vw, 4000px\" \/><\/div><div id=\"panel-6-1-0-2\" class=\"so-panel widget widget_sow-image-grid\" data-index=\"5\" ><div\n\t\t\t\n\t\t\tclass=\"so-widget-sow-image-grid so-widget-sow-image-grid-default-3fbf13dff59f-6\"\n\t\t\t\n\t\t>\t<div\n\t\tclass=\"sow-image-grid-wrapper\"\n\t\tdata-max-width=\"300\"\t\tdata-max-height=\"300\"\t>\n\t\t\t\t\t<div class=\"sow-image-grid-image\">\n\t\t\t\t\t\t\t\t\t\t\t\t<img loading=\"lazy\" decoding=\"async\" width=\"768\" height=\"384\" src=\"https:\/\/aegee-tartu.ee\/wp-content\/uploads\/2019\/01\/161-1-768x384.png\" class=\"sow-image-grid-image_html\" alt=\"\" title=\"55 LIIGET\" srcset=\"https:\/\/aegee-tartu.ee\/wp-content\/uploads\/2019\/01\/161-1-768x384.png 768w, https:\/\/aegee-tartu.ee\/wp-content\/uploads\/2019\/01\/161-1-600x300.png 600w, https:\/\/aegee-tartu.ee\/wp-content\/uploads\/2019\/01\/161-1-300x150.png 300w, https:\/\/aegee-tartu.ee\/wp-content\/uploads\/2019\/01\/161-1-1024x512.png 1024w\" sizes=\"(max-width: 768px) 100vw, 768px\" \/>\t\t\t\t\t\t\t\t\t\t\t<\/div>\n\t\t\t\t\t<div class=\"sow-image-grid-image\">\n\t\t\t\t\t\t\t\t\t\t\t\t<img loading=\"lazy\" decoding=\"async\" width=\"768\" height=\"384\" src=\"https:\/\/aegee-tartu.ee\/wp-content\/uploads\/2019\/01\/161-1-1-768x384.png\" class=\"sow-image-grid-image_html\" alt=\"\" title=\"4 T\u00dc\u00dcR\u00dcHMA\" srcset=\"https:\/\/aegee-tartu.ee\/wp-content\/uploads\/2019\/01\/161-1-1-768x384.png 768w, https:\/\/aegee-tartu.ee\/wp-content\/uploads\/2019\/01\/161-1-1-600x300.png 600w, https:\/\/aegee-tartu.ee\/wp-content\/uploads\/2019\/01\/161-1-1-300x150.png 300w, https:\/\/aegee-tartu.ee\/wp-content\/uploads\/2019\/01\/161-1-1-1024x512.png 1024w\" sizes=\"(max-width: 768px) 100vw, 768px\" \/>\t\t\t\t\t\t\t\t\t\t\t<\/div>\n\t\t\t\t\t<div class=\"sow-image-grid-image\">\n\t\t\t\t\t\t\t\t\t\t\t\t<img loading=\"lazy\" decoding=\"async\" width=\"768\" height=\"384\" src=\"https:\/\/aegee-tartu.ee\/wp-content\/uploads\/2019\/01\/4-\u00dcRITUST-KUUS-768x384.png\" class=\"sow-image-grid-image_html\" alt=\"\" title=\"4 \u00dcRITUST KUUS\" srcset=\"https:\/\/aegee-tartu.ee\/wp-content\/uploads\/2019\/01\/4-\u00dcRITUST-KUUS-768x384.png 768w, https:\/\/aegee-tartu.ee\/wp-content\/uploads\/2019\/01\/4-\u00dcRITUST-KUUS-600x300.png 600w, https:\/\/aegee-tartu.ee\/wp-content\/uploads\/2019\/01\/4-\u00dcRITUST-KUUS-300x150.png 300w, https:\/\/aegee-tartu.ee\/wp-content\/uploads\/2019\/01\/4-\u00dcRITUST-KUUS-1024x512.png 1024w\" sizes=\"(max-width: 768px) 100vw, 768px\" \/>\t\t\t\t\t\t\t\t\t\t\t<\/div>\n\t\t\t\t\t<div class=\"sow-image-grid-image\">\n\t\t\t\t\t\t\t\t\t\t\t\t<img loading=\"lazy\" decoding=\"async\" width=\"768\" height=\"384\" src=\"https:\/\/aegee-tartu.ee\/wp-content\/uploads\/2019\/01\/2-RAHVUSVAHELIST-PROJEKTI-AASTAS-768x384.png\" class=\"sow-image-grid-image_html\" alt=\"\" title=\"2 RAHVUSVAHELIST PROJEKTI AASTAS\" srcset=\"https:\/\/aegee-tartu.ee\/wp-content\/uploads\/2019\/01\/2-RAHVUSVAHELIST-PROJEKTI-AASTAS-768x384.png 768w, https:\/\/aegee-tartu.ee\/wp-content\/uploads\/2019\/01\/2-RAHVUSVAHELIST-PROJEKTI-AASTAS-600x300.png 600w, https:\/\/aegee-tartu.ee\/wp-content\/uploads\/2019\/01\/2-RAHVUSVAHELIST-PROJEKTI-AASTAS-300x150.png 300w, https:\/\/aegee-tartu.ee\/wp-content\/uploads\/2019\/01\/2-RAHVUSVAHELIST-PROJEKTI-AASTAS-1024x512.png 1024w\" sizes=\"(max-width: 768px) 100vw, 768px\" \/>\t\t\t\t\t\t\t\t\t\t\t<\/div>\n\t\t\t\t\t<div class=\"sow-image-grid-image\">\n\t\t\t\t\t\t\t\t\t\t\t\t<img loading=\"lazy\" decoding=\"async\" width=\"768\" height=\"384\" src=\"https:\/\/aegee-tartu.ee\/wp-content\/uploads\/2019\/01\/5-KOOLITUS\u00dcRITUST-SEMESTRIS-768x384.png\" class=\"sow-image-grid-image_html\" alt=\"\" title=\"5 KOOLITUS\u00dcRITUST SEMESTRIS\" srcset=\"https:\/\/aegee-tartu.ee\/wp-content\/uploads\/2019\/01\/5-KOOLITUS\u00dcRITUST-SEMESTRIS-768x384.png 768w, https:\/\/aegee-tartu.ee\/wp-content\/uploads\/2019\/01\/5-KOOLITUS\u00dcRITUST-SEMESTRIS-600x300.png 600w, https:\/\/aegee-tartu.ee\/wp-content\/uploads\/2019\/01\/5-KOOLITUS\u00dcRITUST-SEMESTRIS-300x150.png 300w, https:\/\/aegee-tartu.ee\/wp-content\/uploads\/2019\/01\/5-KOOLITUS\u00dcRITUST-SEMESTRIS-1024x512.png 1024w\" sizes=\"(max-width: 768px) 100vw, 768px\" \/>\t\t\t\t\t\t\t\t\t\t\t<\/div>\n\t\t\t\t\t<div class=\"sow-image-grid-image\">\n\t\t\t\t\t\t\t\t\t\t\t\t<img loading=\"lazy\" decoding=\"async\" width=\"768\" height=\"384\" src=\"https:\/\/aegee-tartu.ee\/wp-content\/uploads\/2019\/01\/L\u00d5PUTULT-V\u00d5IMALUSI-768x384.png\" class=\"sow-image-grid-image_html\" alt=\"\" title=\"L\u00d5PUTULT V\u00d5IMALUSI\" srcset=\"https:\/\/aegee-tartu.ee\/wp-content\/uploads\/2019\/01\/L\u00d5PUTULT-V\u00d5IMALUSI-768x384.png 768w, https:\/\/aegee-tartu.ee\/wp-content\/uploads\/2019\/01\/L\u00d5PUTULT-V\u00d5IMALUSI-600x300.png 600w, https:\/\/aegee-tartu.ee\/wp-content\/uploads\/2019\/01\/L\u00d5PUTULT-V\u00d5IMALUSI-300x150.png 300w, https:\/\/aegee-tartu.ee\/wp-content\/uploads\/2019\/01\/L\u00d5PUTULT-V\u00d5IMALUSI-1024x512.png 1024w\" sizes=\"(max-width: 768px) 100vw, 768px\" \/>\t\t\t\t\t\t\t\t\t\t\t<\/div>\n\t\t\t<\/div>\n<\/div><\/div><div id=\"panel-6-1-0-3\" class=\"so-panel widget widget_media_image panel-last-child\" data-index=\"6\" ><img loading=\"lazy\" decoding=\"async\" width=\"4000\" height=\"200\" src=\"https:\/\/aegee-tartu.ee\/wp-content\/uploads\/2019\/01\/Nimetu-kujundus-20.png\" class=\"image wp-image-1119  attachment-full size-full\" alt=\"\" style=\"max-width: 100%; height: auto;\" srcset=\"https:\/\/aegee-tartu.ee\/wp-content\/uploads\/2019\/01\/Nimetu-kujundus-20.png 4000w, https:\/\/aegee-tartu.ee\/wp-content\/uploads\/2019\/01\/Nimetu-kujundus-20-600x30.png 600w, https:\/\/aegee-tartu.ee\/wp-content\/uploads\/2019\/01\/Nimetu-kujundus-20-300x15.png 300w, https:\/\/aegee-tartu.ee\/wp-content\/uploads\/2019\/01\/Nimetu-kujundus-20-768x38.png 768w, https:\/\/aegee-tartu.ee\/wp-content\/uploads\/2019\/01\/Nimetu-kujundus-20-1024x51.png 1024w\" sizes=\"(max-width: 4000px) 100vw, 4000px\" \/><\/div><\/div><\/div><div id=\"pg-6-2\"  class=\"panel-grid panel-no-style\" ><div id=\"pgc-6-2-0\"  class=\"panel-grid-cell\" ><div id=\"panel-6-2-0-0\" class=\"so-panel widget widget_media_image panel-first-child\" data-index=\"7\" ><img loading=\"lazy\" decoding=\"async\" width=\"1024\" height=\"410\" src=\"https:\/\/aegee-tartu.ee\/wp-content\/uploads\/2019\/01\/VISIOON-4-1-1024x410.png\" class=\"image wp-image-1127  attachment-large size-large\" alt=\"\" style=\"max-width: 100%; height: auto;\" srcset=\"https:\/\/aegee-tartu.ee\/wp-content\/uploads\/2019\/01\/VISIOON-4-1-1024x410.png 1024w, https:\/\/aegee-tartu.ee\/wp-content\/uploads\/2019\/01\/VISIOON-4-1-600x240.png 600w, https:\/\/aegee-tartu.ee\/wp-content\/uploads\/2019\/01\/VISIOON-4-1-300x120.png 300w, https:\/\/aegee-tartu.ee\/wp-content\/uploads\/2019\/01\/VISIOON-4-1-768x307.png 768w\" sizes=\"(max-width: 1024px) 100vw, 1024px\" \/><\/div><div id=\"panel-6-2-0-1\" class=\"so-panel widget widget_media_image panel-last-child\" data-index=\"8\" ><img loading=\"lazy\" decoding=\"async\" width=\"1024\" height=\"410\" src=\"https:\/\/aegee-tartu.ee\/wp-content\/uploads\/2019\/01\/VISIOON-3-1024x410.png\" class=\"image wp-image-1125  attachment-large size-large\" alt=\"\" style=\"max-width: 100%; height: auto;\" srcset=\"https:\/\/aegee-tartu.ee\/wp-content\/uploads\/2019\/01\/VISIOON-3-1024x410.png 1024w, https:\/\/aegee-tartu.ee\/wp-content\/uploads\/2019\/01\/VISIOON-3-600x240.png 600w, https:\/\/aegee-tartu.ee\/wp-content\/uploads\/2019\/01\/VISIOON-3-300x120.png 300w, https:\/\/aegee-tartu.ee\/wp-content\/uploads\/2019\/01\/VISIOON-3-768x307.png 768w\" sizes=\"(max-width: 1024px) 100vw, 1024px\" \/><\/div><\/div><div id=\"pgc-6-2-1\"  class=\"panel-grid-cell\" ><div id=\"panel-6-2-1-0\" class=\"so-panel widget widget_sow-image panel-first-child\" data-index=\"9\" ><div class=\"panel-widget-style panel-widget-style-for-6-2-1-0\" ><div\n\t\t\t\n\t\t\tclass=\"so-widget-sow-image so-widget-sow-image-default-58576722bc06-6\"\n\t\t\t\n\t\t>\n<div class=\"sow-image-container\">\n\t\t<img loading=\"lazy\" \n\tsrc=\"https:\/\/aegee-tartu.ee\/wp-content\/uploads\/2015\/12\/Screenshot-2015-10-26-22.13.37.png\" width=\"1100\" height=\"650\" srcset=\"https:\/\/aegee-tartu.ee\/wp-content\/uploads\/2015\/12\/Screenshot-2015-10-26-22.13.37.png 1100w, https:\/\/aegee-tartu.ee\/wp-content\/uploads\/2015\/12\/Screenshot-2015-10-26-22.13.37-600x355.png 600w, https:\/\/aegee-tartu.ee\/wp-content\/uploads\/2015\/12\/Screenshot-2015-10-26-22.13.37-300x177.png 300w, https:\/\/aegee-tartu.ee\/wp-content\/uploads\/2015\/12\/Screenshot-2015-10-26-22.13.37-768x454.png 768w, https:\/\/aegee-tartu.ee\/wp-content\/uploads\/2015\/12\/Screenshot-2015-10-26-22.13.37-1024x605.png 1024w\" sizes=\"(max-width: 1100px) 100vw, 1100px\" title=\"Screenshot 2015-10-26 22.13.37\" alt=\"\" \t\tclass=\"so-widget-image\"\/>\n\t<\/div>\n\n<\/div><\/div><\/div><div id=\"panel-6-2-1-1\" class=\"so-panel widget widget_siteorigin-panels-builder\" data-index=\"10\" ><div id=\"pl-w5f6cc2d59a6a1\"  class=\"panel-layout\" ><div id=\"pg-w5f6cc2d59a6a1-0\"  class=\"panel-grid panel-no-style\" ><div id=\"pgc-w5f6cc2d59a6a1-0-0\"  class=\"panel-grid-cell\" ><div id=\"panel-w5f6cc2d59a6a1-0-0-0\" class=\"so-panel widget widget_sow-button panel-first-child panel-last-child\" data-index=\"0\" ><div class=\"panel-widget-style panel-widget-style-for-w5f6cc2d59a6a1-0-0-0\" ><div\n\t\t\t\n\t\t\tclass=\"so-widget-sow-button so-widget-sow-button-atom-0477cf3b5a31\"\n\t\t\t\n\t\t><div class=\"ow-button-base ow-button-align-center\"\n>\n\t\t\t<a\n\t\t\t\t\thref=\"https:\/\/docs.google.com\/forms\/d\/1Ka5x3PG2aUQXOQjWPAPg4w5_M1O9nGsYdZptzVOIOB4\/viewform?fbclid=IwAR1zT5s6vFSuIlXxOOPdLkDmNCUOMtvvSBG5oGUbxPpQRki2jTZSt4YiDLo&#038;edit_requested=true\"\n\t\t\t\t\tclass=\"sowb-button ow-icon-placement-left ow-button-hover\" target=\"_blank\" rel=\"noopener noreferrer\" \t>\n\t\t<span>\n\t\t\t\n\t\t\tJoin with AEGEE!\t\t<\/span>\n\t\t\t<\/a>\n\t<\/div>\n<\/div><\/div><\/div><\/div><div id=\"pgc-w5f6cc2d59a6a1-0-1\"  class=\"panel-grid-cell\" ><div id=\"panel-w5f6cc2d59a6a1-0-1-0\" class=\"so-panel widget widget_sow-image panel-first-child panel-last-child\" data-index=\"1\" ><div class=\"panel-widget-style panel-widget-style-for-w5f6cc2d59a6a1-0-1-0\" ><div\n\t\t\t\n\t\t\tclass=\"so-widget-sow-image so-widget-sow-image-default-13f2a8b12fcc\"\n\t\t\t\n\t\t>\n<div class=\"sow-image-container\">\n\t\t\t<a href=\"http:\/\/www.aegee.org\/\"\n\t\t\ttarget=\"_blank\" rel=\"noopener noreferrer\" \t\t>\n\t\t\t<img loading=\"lazy\" \n\tsrc=\"https:\/\/aegee-tartu.ee\/wp-content\/uploads\/2015\/12\/logo_rgb_blue_transparent_small.png\" width=\"173\" height=\"99\" sizes=\"(max-width: 173px) 100vw, 173px\" title=\"Tutvu meie katuseorganisatsiooniga!\" alt=\"\" \t\tclass=\"so-widget-image\"\/>\n\t\t\t<\/a><\/div>\n\n<\/div><\/div><\/div><\/div><\/div><\/div><\/div><div id=\"panel-6-2-1-2\" class=\"so-panel widget widget_siteorigin-panels-builder panel-last-child\" data-index=\"11\" ><div class=\"panel-widget-style panel-widget-style-for-6-2-1-2\" ><div id=\"pl-w6165417644ab2\"  class=\"panel-layout\" ><div id=\"pg-w6165417644ab2-0\"  class=\"panel-grid panel-no-style\" ><div id=\"pgc-w6165417644ab2-0-0\"  class=\"panel-grid-cell\" ><div id=\"panel-w6165417644ab2-0-0-0\" class=\"so-panel widget widget_sow-image panel-first-child panel-last-child\" data-index=\"0\" ><div\n\t\t\t\n\t\t\tclass=\"so-widget-sow-image so-widget-sow-image-default-c67d20f9f743\"\n\t\t\t\n\t\t>\n<div class=\"sow-image-container\">\n\t\t\t<a href=\"https:\/\/www.facebook.com\/aegee.tartu\"\n\t\t\ttarget=\"_blank\" rel=\"noopener noreferrer\" \t\t>\n\t\t\t<img loading=\"lazy\" \n\tsrc=\"https:\/\/aegee-tartu.ee\/wp-content\/uploads\/2015\/12\/51e7d545425ab108feda8460962f367a1d22dfe05a597849722f7ddd_1920-300x300.png\" width=\"300\" height=\"300\" srcset=\"https:\/\/aegee-tartu.ee\/wp-content\/uploads\/2015\/12\/51e7d545425ab108feda8460962f367a1d22dfe05a597849722f7ddd_1920-300x300.png 300w, https:\/\/aegee-tartu.ee\/wp-content\/uploads\/2015\/12\/51e7d545425ab108feda8460962f367a1d22dfe05a597849722f7ddd_1920-100x100.png 100w, https:\/\/aegee-tartu.ee\/wp-content\/uploads\/2015\/12\/51e7d545425ab108feda8460962f367a1d22dfe05a597849722f7ddd_1920-600x600.png 600w, https:\/\/aegee-tartu.ee\/wp-content\/uploads\/2015\/12\/51e7d545425ab108feda8460962f367a1d22dfe05a597849722f7ddd_1920-1024x1024.png 1024w, https:\/\/aegee-tartu.ee\/wp-content\/uploads\/2015\/12\/51e7d545425ab108feda8460962f367a1d22dfe05a597849722f7ddd_1920-150x150.png 150w, https:\/\/aegee-tartu.ee\/wp-content\/uploads\/2015\/12\/51e7d545425ab108feda8460962f367a1d22dfe05a597849722f7ddd_1920-768x768.png 768w, https:\/\/aegee-tartu.ee\/wp-content\/uploads\/2015\/12\/51e7d545425ab108feda8460962f367a1d22dfe05a597849722f7ddd_1920-1536x1536.png 1536w, https:\/\/aegee-tartu.ee\/wp-content\/uploads\/2015\/12\/51e7d545425ab108feda8460962f367a1d22dfe05a597849722f7ddd_1920.png 1920w\" sizes=\"(max-width: 300px) 100vw, 300px\" alt=\"\" \t\tclass=\"so-widget-image\"\/>\n\t\t\t<\/a><\/div>\n\n<\/div><\/div><\/div><div id=\"pgc-w6165417644ab2-0-1\"  class=\"panel-grid-cell\" ><div id=\"panel-w6165417644ab2-0-1-0\" class=\"so-panel widget widget_sow-image panel-first-child panel-last-child\" data-index=\"1\" ><div\n\t\t\t\n\t\t\tclass=\"so-widget-sow-image so-widget-sow-image-default-c67d20f9f743\"\n\t\t\t\n\t\t>\n<div class=\"sow-image-container\">\n\t\t\t<a href=\"https:\/\/www.instagram.com\/aegee.tartu\/\"\n\t\t\ttarget=\"_blank\" rel=\"noopener noreferrer\" \t\t>\n\t\t\t<img loading=\"lazy\" \n\tsrc=\"https:\/\/aegee-tartu.ee\/wp-content\/uploads\/2015\/12\/57e6d2464c55ac14f6d1867dda79307f1137c3e45658794075287ad49f_1920-296x300.png\" width=\"296\" height=\"300\" srcset=\"https:\/\/aegee-tartu.ee\/wp-content\/uploads\/2015\/12\/57e6d2464c55ac14f6d1867dda79307f1137c3e45658794075287ad49f_1920-296x300.png 296w, https:\/\/aegee-tartu.ee\/wp-content\/uploads\/2015\/12\/57e6d2464c55ac14f6d1867dda79307f1137c3e45658794075287ad49f_1920-100x100.png 100w, https:\/\/aegee-tartu.ee\/wp-content\/uploads\/2015\/12\/57e6d2464c55ac14f6d1867dda79307f1137c3e45658794075287ad49f_1920-600x609.png 600w, https:\/\/aegee-tartu.ee\/wp-content\/uploads\/2015\/12\/57e6d2464c55ac14f6d1867dda79307f1137c3e45658794075287ad49f_1920-1010x1024.png 1010w, https:\/\/aegee-tartu.ee\/wp-content\/uploads\/2015\/12\/57e6d2464c55ac14f6d1867dda79307f1137c3e45658794075287ad49f_1920-768x779.png 768w, https:\/\/aegee-tartu.ee\/wp-content\/uploads\/2015\/12\/57e6d2464c55ac14f6d1867dda79307f1137c3e45658794075287ad49f_1920-1514x1536.png 1514w, https:\/\/aegee-tartu.ee\/wp-content\/uploads\/2015\/12\/57e6d2464c55ac14f6d1867dda79307f1137c3e45658794075287ad49f_1920.png 1893w\" sizes=\"(max-width: 296px) 100vw, 296px\" alt=\"\" \t\tclass=\"so-widget-image\"\/>\n\t\t\t<\/a><\/div>\n\n<\/div><\/div><\/div><\/div><\/div><\/div><\/div><\/div><\/div><\/div>","protected":false},"excerpt":{"rendered":"<p class=\"excerpt\">Join with AEGEE! <a href=\"https:\/\/aegee-tartu.ee\/en\/avaleht\/\">Read more &rarr;<\/a><\/p>","protected":false},"author":1,"featured_media":0,"parent":0,"menu_order":0,"comment_status":"closed","ping_status":"closed","template":"","meta":{"_exactmetrics_skip_tracking":false,"_exactmetrics_sitenote_active":false,"_exactmetrics_sitenote_note":"","_exactmetrics_sitenote_category":0,"footnotes":""},"class_list":["post-6","page","type-page","status-publish","hentry","xfolkentry"],"_links":{"self":[{"href":"https:\/\/aegee-tartu.ee\/en\/wp-json\/wp\/v2\/pages\/6","targetHints":{"allow":["GET"]}}],"collection":[{"href":"https:\/\/aegee-tartu.ee\/en\/wp-json\/wp\/v2\/pages"}],"about":[{"href":"https:\/\/aegee-tartu.ee\/en\/wp-json\/wp\/v2\/types\/page"}],"author":[{"embeddable":true,"href":"https:\/\/aegee-tartu.ee\/en\/wp-json\/wp\/v2\/users\/1"}],"replies":[{"embeddable":true,"href":"https:\/\/aegee-tartu.ee\/en\/wp-json\/wp\/v2\/comments?post=6"}],"version-history":[{"count":213,"href":"https:\/\/aegee-tartu.ee\/en\/wp-json\/wp\/v2\/pages\/6\/revisions"}],"predecessor-version":[{"id":1744,"href":"https:\/\/aegee-tartu.ee\/en\/wp-json\/wp\/v2\/pages\/6\/revisions\/1744"}],"wp:attachment":[{"href":"https:\/\/aegee-tartu.ee\/en\/wp-json\/wp\/v2\/media?parent=6"}],"curies":[{"name":"wp","href":"https:\/\/api.w.org\/{rel}","templated":true}]}}