{"id":772,"date":"2018-07-19T18:49:51","date_gmt":"2018-07-19T17:49:51","guid":{"rendered":"http:\/\/aegee-tartu.ee\/?page_id=772"},"modified":"2018-07-19T18:49:51","modified_gmt":"2018-07-19T17:49:51","slug":"in-english","status":"publish","type":"page","link":"https:\/\/aegee-tartu.ee\/en\/in-english\/","title":{"rendered":"IN ENGLISH"},"content":{"rendered":"<h3><b>AEGEE-Tartu<\/b><\/h3>\n<p>&nbsp;<\/p>\n<p><span style=\"font-weight: 400;\">AEGEE is an international, tolerant and open community of friends. Its current main focus areas are <\/span><b>equal rights, civic education, youth development<\/b><span style=\"font-weight: 400;\"> and <\/span><b>European citizenship.<\/b><\/p>\n<p><span style=\"font-weight: 400;\">We organise events in Tartu every week. The topics may include European cultures, personal development or anything that is currently relevant. We also value social activities and time spent together. International projects take place around Europe all year round and everyone is free to apply to them straight after joining.<\/span><\/p>\n<p><span style=\"font-weight: 400;\">The longest and best-known project of AEGEE is <\/span><b>Summer University<\/b><span style=\"font-weight: 400;\"> during which you\u2019ll spend two weeks somewhere in Europe together with a group of international friends, participate in thematic workshops, discover local culture and leave your comfort zone. There are lots of opportunities at both local and European level and each member is free to choose which ones they\u2019d like to be part of. It\u2019s not about your previous experience or position but your own initiative!<\/span><\/p>\n<p>&nbsp;<\/p>\n<p><b>About AEGEE<\/b><\/p>\n<p><span style=\"font-weight: 400;\">AEGEE (<\/span><i><span style=\"font-weight: 400;\">Association des \u00c9tats G\u00e9n\u00e9raux des \u00c9tudiants de l&#8217;Europe<\/span><\/i><span style=\"font-weight: 400;\">) is a youth organisation founded in 1985 that is currently present in about 200 cities around Europe. One of its central ideas is borderless Europe. AEGEE works on two levels &#8211; local and European; there is no national level.<\/span><\/p>\n<p><span style=\"font-weight: 400;\">AEGEE gives you an opportunity to meet many interesting people from other countries, develop yourself through non-formal education, take part in thematic projects and discuss on current topics together with other young people. AEGEE events are organised by and for young people which makes the whole experience even more powerful!<\/span><\/p>\n<p><span style=\"font-weight: 400;\">You can join AEGEE at any time &#8211; we will contact you once you\u2019ve filled in the registration form. Members must be <\/span><b>at least 18<\/b><span style=\"font-weight: 400;\"> and <\/span><b>no more than 35<\/b><span style=\"font-weight: 400;\"> years old. The working language of AEGEE is English at the European level and both English and Estonian at the local level.<\/span><\/p>","protected":false},"excerpt":{"rendered":"<p class=\"excerpt\">AEGEE-Tartu &nbsp; AEGEE is an international, tolerant and open community of friends. Its current main focus areas are equal rights, civic education, youth development and European citizenship. We organise events in Tartu every week. The topics may include European cultures, personal development or anything that is currently relevant. We also value social activities and time spent together. International projects take&hellip; <a href=\"https:\/\/aegee-tartu.ee\/en\/in-english\/\">Read more &rarr;<\/a><\/p>","protected":false},"author":1,"featured_media":0,"parent":0,"menu_order":0,"comment_status":"closed","ping_status":"closed","template":"","meta":{"_exactmetrics_skip_tracking":false,"_exactmetrics_sitenote_active":false,"_exactmetrics_sitenote_note":"","_exactmetrics_sitenote_category":0,"footnotes":""},"class_list":["post-772","page","type-page","status-publish","hentry","xfolkentry"],"_links":{"self":[{"href":"https:\/\/aegee-tartu.ee\/en\/wp-json\/wp\/v2\/pages\/772","targetHints":{"allow":["GET"]}}],"collection":[{"href":"https:\/\/aegee-tartu.ee\/en\/wp-json\/wp\/v2\/pages"}],"about":[{"href":"https:\/\/aegee-tartu.ee\/en\/wp-json\/wp\/v2\/types\/page"}],"author":[{"embeddable":true,"href":"https:\/\/aegee-tartu.ee\/en\/wp-json\/wp\/v2\/users\/1"}],"replies":[{"embeddable":true,"href":"https:\/\/aegee-tartu.ee\/en\/wp-json\/wp\/v2\/comments?post=772"}],"version-history":[{"count":1,"href":"https:\/\/aegee-tartu.ee\/en\/wp-json\/wp\/v2\/pages\/772\/revisions"}],"predecessor-version":[{"id":774,"href":"https:\/\/aegee-tartu.ee\/en\/wp-json\/wp\/v2\/pages\/772\/revisions\/774"}],"wp:attachment":[{"href":"https:\/\/aegee-tartu.ee\/en\/wp-json\/wp\/v2\/media?parent=772"}],"curies":[{"name":"wp","href":"https:\/\/api.w.org\/{rel}","templated":true}]}}